{"id":761,"date":"2024-06-25T08:37:36","date_gmt":"2024-06-25T06:37:36","guid":{"rendered":"https:\/\/am2s.com\/?page_id=761"},"modified":"2024-10-03T12:21:22","modified_gmt":"2024-10-03T10:21:22","slug":"sas-detancheite","status":"publish","type":"page","link":"https:\/\/am2s.com\/index.php\/sas-detancheite\/","title":{"rendered":"Sas d&rsquo;\u00e9tanch\u00e9it\u00e9"},"content":{"rendered":"\t\t<div data-elementor-type=\"wp-page\" data-elementor-id=\"761\" class=\"elementor elementor-761\" data-elementor-post-type=\"page\">\n\t\t\t\t<div class=\"elementor-element elementor-element-4886da5 e-flex e-con-boxed e-con e-parent\" data-id=\"4886da5\" data-element_type=\"container\" data-e-type=\"container\">\n\t\t\t\t\t<div class=\"e-con-inner\">\n\t\t\t\t<div class=\"elementor-element elementor-element-42453f7 elementor-widget elementor-widget-heading\" data-id=\"42453f7\" data-element_type=\"widget\" data-e-type=\"widget\" data-widget_type=\"heading.default\">\n\t\t\t\t<div class=\"elementor-widget-container\">\n\t\t\t\t\t<h2 class=\"elementor-heading-title elementor-size-default\">Sas d'\u00e9tanch\u00e9it\u00e9<\/h2>\t\t\t\t<\/div>\n\t\t\t\t<\/div>\n\t\t\t\t\t<\/div>\n\t\t\t\t<\/div>\n\t\t<div class=\"elementor-element elementor-element-eba2b09 e-flex e-con-boxed e-con e-parent\" data-id=\"eba2b09\" data-element_type=\"container\" data-e-type=\"container\">\n\t\t\t\t\t<div class=\"e-con-inner\">\n\t\t\t\t<div class=\"elementor-element elementor-element-25b269f elementor-widget__width-initial elementor-widget elementor-widget-image\" data-id=\"25b269f\" data-element_type=\"widget\" data-e-type=\"widget\" data-widget_type=\"image.default\">\n\t\t\t\t<div class=\"elementor-widget-container\">\n\t\t\t\t\t\t\t\t\t\t\t\t\t\t\t<img fetchpriority=\"high\" decoding=\"async\" width=\"783\" height=\"594\" src=\"https:\/\/am2s.com\/wp-content\/uploads\/2024\/10\/sas-detancheite-.png\" class=\"attachment-large size-large wp-image-1640\" alt=\"\" srcset=\"https:\/\/am2s.com\/wp-content\/uploads\/2024\/10\/sas-detancheite-.png 783w, https:\/\/am2s.com\/wp-content\/uploads\/2024\/10\/sas-detancheite--300x228.png 300w, https:\/\/am2s.com\/wp-content\/uploads\/2024\/10\/sas-detancheite--768x583.png 768w\" sizes=\"(max-width: 783px) 100vw, 783px\" \/>\t\t\t\t\t\t\t\t\t\t\t\t\t\t\t<\/div>\n\t\t\t\t<\/div>\n\t\t\t\t\t<\/div>\n\t\t\t\t<\/div>\n\t\t<div class=\"elementor-element elementor-element-28121d3 e-flex e-con-boxed e-con e-parent\" data-id=\"28121d3\" data-element_type=\"container\" data-e-type=\"container\">\n\t\t\t\t\t<div class=\"e-con-inner\">\n\t\t\t\t<div class=\"elementor-element elementor-element-3962f66 elementor-widget elementor-widget-spacer\" data-id=\"3962f66\" data-element_type=\"widget\" data-e-type=\"widget\" data-widget_type=\"spacer.default\">\n\t\t\t\t<div class=\"elementor-widget-container\">\n\t\t\t\t\t\t\t<div class=\"elementor-spacer\">\n\t\t\t<div class=\"elementor-spacer-inner\"><\/div>\n\t\t<\/div>\n\t\t\t\t\t\t<\/div>\n\t\t\t\t<\/div>\n\t\t\t\t<div class=\"elementor-element elementor-element-3b7f986 elementor-widget elementor-widget-text-editor\" data-id=\"3b7f986\" data-element_type=\"widget\" data-e-type=\"widget\" data-widget_type=\"text-editor.default\">\n\t\t\t\t<div class=\"elementor-widget-container\">\n\t\t\t\t\t\t\t\t\t<h2><strong>Sas d&rsquo;\u00e9tanch\u00e9it\u00e9\u00a0<\/strong><\/h2><p><strong>Une protection efficace<\/strong><\/p><p>Les sas d&rsquo;\u00e9tanch\u00e9it\u00e9 H\u00f6rmann prot\u00e8gent efficacement les marchandises contre les intemp\u00e9ries, r\u00e9duisent les co\u00fbts \u00e9nerg\u00e9tiques, emp\u00eachent les courants d&rsquo;air, et contribuent ainsi \u00e0 la protection de la sant\u00e9 des employ\u00e9s. Leur association avec des niveleurs de quai H\u00f6rmann \u00e9limine la n\u00e9cessit\u00e9 d&rsquo;installer des auvents ou d&rsquo;autres \u00e9quipements de quai co\u00fbteux.<\/p><p>Les sas d&rsquo;\u00e9tanch\u00e9it\u00e9 \u00e0 b\u00e2ches H\u00f6rmann sont universels et conviennent \u00e0 toutes les dimensions de camions. Les toiles de haute qualit\u00e9, fix\u00e9es sur un cadre r\u00e9tractable en acier galvanis\u00e9, offrent une construction solide, flexible et r\u00e9sistante \u00e0 la d\u00e9chirure. \u00c9tant viss\u00e9es de mani\u00e8re individuelle, les toiles et les \u00e9l\u00e9ments du cadre sont faciles \u00e0 installer, ce qui simplifie leur remplacement \u00e0 moindre co\u00fbt. Pour des applications sp\u00e9cifiques, des sas d&rsquo;\u00e9tanch\u00e9it\u00e9 gonflables et \u00e0 bourrelet compl\u00e8tent cette large gamme de produits.<\/p>\t\t\t\t\t\t\t\t<\/div>\n\t\t\t\t<\/div>\n\t\t\t\t<div class=\"elementor-element elementor-element-f0b3aba elementor-widget elementor-widget-spacer\" data-id=\"f0b3aba\" data-element_type=\"widget\" data-e-type=\"widget\" data-widget_type=\"spacer.default\">\n\t\t\t\t<div class=\"elementor-widget-container\">\n\t\t\t\t\t\t\t<div class=\"elementor-spacer\">\n\t\t\t<div class=\"elementor-spacer-inner\"><\/div>\n\t\t<\/div>\n\t\t\t\t\t\t<\/div>\n\t\t\t\t<\/div>\n\t\t\t\t\t<\/div>\n\t\t\t\t<\/div>\n\t\t<div class=\"elementor-element elementor-element-4828fb4 e-flex e-con-boxed e-con e-parent\" data-id=\"4828fb4\" data-element_type=\"container\" data-e-type=\"container\">\n\t\t\t\t\t<div class=\"e-con-inner\">\n\t\t<div class=\"elementor-element elementor-element-bea58fe e-con-full e-flex e-con e-child\" data-id=\"bea58fe\" data-element_type=\"container\" data-e-type=\"container\">\n\t\t\t\t<div class=\"elementor-element elementor-element-5454839 elementor-widget__width-inherit e-transform e-transform elementor-widget elementor-widget-image\" data-id=\"5454839\" data-element_type=\"widget\" data-e-type=\"widget\" data-settings=\"{&quot;_transform_translateX_effect&quot;:{&quot;unit&quot;:&quot;px&quot;,&quot;size&quot;:0,&quot;sizes&quot;:[]},&quot;_transform_translateY_effect&quot;:{&quot;unit&quot;:&quot;px&quot;,&quot;size&quot;:-26,&quot;sizes&quot;:[]},&quot;_transform_scale_effect&quot;:{&quot;unit&quot;:&quot;px&quot;,&quot;size&quot;:1.2,&quot;sizes&quot;:[]},&quot;_transform_translateX_effect_tablet&quot;:{&quot;unit&quot;:&quot;px&quot;,&quot;size&quot;:&quot;&quot;,&quot;sizes&quot;:[]},&quot;_transform_translateX_effect_mobile&quot;:{&quot;unit&quot;:&quot;px&quot;,&quot;size&quot;:&quot;&quot;,&quot;sizes&quot;:[]},&quot;_transform_translateY_effect_tablet&quot;:{&quot;unit&quot;:&quot;px&quot;,&quot;size&quot;:&quot;&quot;,&quot;sizes&quot;:[]},&quot;_transform_translateY_effect_mobile&quot;:{&quot;unit&quot;:&quot;px&quot;,&quot;size&quot;:&quot;&quot;,&quot;sizes&quot;:[]},&quot;_transform_scale_effect_tablet&quot;:{&quot;unit&quot;:&quot;px&quot;,&quot;size&quot;:&quot;&quot;,&quot;sizes&quot;:[]},&quot;_transform_scale_effect_mobile&quot;:{&quot;unit&quot;:&quot;px&quot;,&quot;size&quot;:&quot;&quot;,&quot;sizes&quot;:[]}}\" data-widget_type=\"image.default\">\n\t\t\t\t<div class=\"elementor-widget-container\">\n\t\t\t\t\t\t\t\t\t\t\t\t\t\t\t<img decoding=\"async\" width=\"720\" height=\"420\" src=\"https:\/\/am2s.com\/wp-content\/uploads\/2024\/10\/Sas-d-etancheite-google.webp\" class=\"attachment-large size-large wp-image-1641\" alt=\"\" srcset=\"https:\/\/am2s.com\/wp-content\/uploads\/2024\/10\/Sas-d-etancheite-google.webp 720w, https:\/\/am2s.com\/wp-content\/uploads\/2024\/10\/Sas-d-etancheite-google-300x175.webp 300w\" sizes=\"(max-width: 720px) 100vw, 720px\" \/>\t\t\t\t\t\t\t\t\t\t\t\t\t\t\t<\/div>\n\t\t\t\t<\/div>\n\t\t\t\t<\/div>\n\t\t<div class=\"elementor-element elementor-element-50de914 e-con-full e-flex e-con e-child\" data-id=\"50de914\" data-element_type=\"container\" data-e-type=\"container\">\n\t\t\t\t<div class=\"elementor-element elementor-element-1afceb6 elementor-widget elementor-widget-text-editor\" data-id=\"1afceb6\" data-element_type=\"widget\" data-e-type=\"widget\" data-widget_type=\"text-editor.default\">\n\t\t\t\t<div class=\"elementor-widget-container\">\n\t\t\t\t\t\t\t\t\t<p>Un sas d&rsquo;\u00e9tanch\u00e9it\u00e9 permet de combler l&rsquo;espace entre le b\u00e2timent et le camion. Lors de l&rsquo;ouverture des portes, il offre une protection contre les intemp\u00e9ries, tant pour les marchandises que pour le personnel. En parall\u00e8le, il limite efficacement les pertes de chaleur dues \u00e0 la ventilation pendant les op\u00e9rations de chargement et d\u00e9chargement, contribuant ainsi \u00e0 des \u00e9conomies d&rsquo;\u00e9nergie.<\/p><p>Pour une performance maximale, il est essentiel que les sas soient parfaitement adapt\u00e9s aux types de v\u00e9hicules et aux conditions de chargement. H\u00f6rmann propose une large gamme de solutions flexibles, avec des caract\u00e9ristiques sp\u00e9cifiques, notamment des bourrelets d&rsquo;\u00e9tanch\u00e9it\u00e9 bas pour r\u00e9pondre \u00e0 des besoins particuliers.<\/p>\t\t\t\t\t\t\t\t<\/div>\n\t\t\t\t<\/div>\n\t\t\t\t<\/div>\n\t\t\t\t\t<\/div>\n\t\t\t\t<\/div>\n\t\t<div class=\"elementor-element elementor-element-fa524c5 e-flex e-con-boxed e-con e-parent\" data-id=\"fa524c5\" data-element_type=\"container\" data-e-type=\"container\">\n\t\t\t\t\t<div class=\"e-con-inner\">\n\t\t<div class=\"elementor-element elementor-element-51e530b e-con-full e-flex e-con e-child\" data-id=\"51e530b\" data-element_type=\"container\" data-e-type=\"container\">\n\t\t\t\t<div class=\"elementor-element elementor-element-b22005d elementor-align-center elementor-widget elementor-widget-button\" data-id=\"b22005d\" data-element_type=\"widget\" data-e-type=\"widget\" data-widget_type=\"button.default\">\n\t\t\t\t<div class=\"elementor-widget-container\">\n\t\t\t\t\t\t\t\t\t<div class=\"elementor-button-wrapper\">\n\t\t\t\t\t<a class=\"elementor-button elementor-button-link elementor-size-sm\" href=\"https:\/\/asset-center.com\/original\/669\/294669_originalfile.pdf\" target=\"_blank\">\n\t\t\t\t\t\t<span class=\"elementor-button-content-wrapper\">\n\t\t\t\t\t\t<span class=\"elementor-button-icon\">\n\t\t\t\t<svg aria-hidden=\"true\" class=\"e-font-icon-svg e-fas-book-open\" viewBox=\"0 0 576 512\" xmlns=\"http:\/\/www.w3.org\/2000\/svg\"><path d=\"M542.22 32.05c-54.8 3.11-163.72 14.43-230.96 55.59-4.64 2.84-7.27 7.89-7.27 13.17v363.87c0 11.55 12.63 18.85 23.28 13.49 69.18-34.82 169.23-44.32 218.7-46.92 16.89-.89 30.02-14.43 30.02-30.66V62.75c.01-17.71-15.35-31.74-33.77-30.7zM264.73 87.64C197.5 46.48 88.58 35.17 33.78 32.05 15.36 31.01 0 45.04 0 62.75V400.6c0 16.24 13.13 29.78 30.02 30.66 49.49 2.6 149.59 12.11 218.77 46.95 10.62 5.35 23.21-1.94 23.21-13.46V100.63c0-5.29-2.62-10.14-7.27-12.99z\"><\/path><\/svg>\t\t\t<\/span>\n\t\t\t\t\t\t\t\t\t<span class=\"elementor-button-text\">CATALOQUE<\/span>\n\t\t\t\t\t<\/span>\n\t\t\t\t\t<\/a>\n\t\t\t\t<\/div>\n\t\t\t\t\t\t\t\t<\/div>\n\t\t\t\t<\/div>\n\t\t\t\t<\/div>\n\t\t<div class=\"elementor-element elementor-element-4defe3c e-con-full e-flex e-con e-child\" data-id=\"4defe3c\" data-element_type=\"container\" data-e-type=\"container\">\n\t\t\t\t<div class=\"elementor-element elementor-element-299462a elementor-align-center elementor-widget elementor-widget-button\" data-id=\"299462a\" data-element_type=\"widget\" data-e-type=\"widget\" data-widget_type=\"button.default\">\n\t\t\t\t<div class=\"elementor-widget-container\">\n\t\t\t\t\t\t\t\t\t<div class=\"elementor-button-wrapper\">\n\t\t\t\t\t<a class=\"elementor-button elementor-button-link elementor-size-sm\" href=\"https:\/\/am2s.com\/index.php\/contact\/\">\n\t\t\t\t\t\t<span class=\"elementor-button-content-wrapper\">\n\t\t\t\t\t\t<span class=\"elementor-button-icon\">\n\t\t\t\t<svg aria-hidden=\"true\" class=\"e-font-icon-svg e-fas-book-open\" viewBox=\"0 0 576 512\" xmlns=\"http:\/\/www.w3.org\/2000\/svg\"><path d=\"M542.22 32.05c-54.8 3.11-163.72 14.43-230.96 55.59-4.64 2.84-7.27 7.89-7.27 13.17v363.87c0 11.55 12.63 18.85 23.28 13.49 69.18-34.82 169.23-44.32 218.7-46.92 16.89-.89 30.02-14.43 30.02-30.66V62.75c.01-17.71-15.35-31.74-33.77-30.7zM264.73 87.64C197.5 46.48 88.58 35.17 33.78 32.05 15.36 31.01 0 45.04 0 62.75V400.6c0 16.24 13.13 29.78 30.02 30.66 49.49 2.6 149.59 12.11 218.77 46.95 10.62 5.35 23.21-1.94 23.21-13.46V100.63c0-5.29-2.62-10.14-7.27-12.99z\"><\/path><\/svg>\t\t\t<\/span>\n\t\t\t\t\t\t\t\t\t<span class=\"elementor-button-text\">DEMANDE DE DEVIS<\/span>\n\t\t\t\t\t<\/span>\n\t\t\t\t\t<\/a>\n\t\t\t\t<\/div>\n\t\t\t\t\t\t\t\t<\/div>\n\t\t\t\t<\/div>\n\t\t\t\t<\/div>\n\t\t\t\t\t<\/div>\n\t\t\t\t<\/div>\n\t\t\t\t<\/div>\n\t\t","protected":false},"excerpt":{"rendered":"<p>Sas d&rsquo;\u00e9tanch\u00e9it\u00e9 Sas d&rsquo;\u00e9tanch\u00e9it\u00e9\u00a0 Une protection efficace Les sas d&rsquo;\u00e9tanch\u00e9it\u00e9 H\u00f6rmann prot\u00e8gent efficacement les marchandises contre les intemp\u00e9ries, r\u00e9duisent les co\u00fbts \u00e9nerg\u00e9tiques, emp\u00eachent les courants d&rsquo;air, et contribuent ainsi \u00e0 la protection de la sant\u00e9 des employ\u00e9s. Leur association avec des niveleurs de quai H\u00f6rmann \u00e9limine la n\u00e9cessit\u00e9 d&rsquo;installer des auvents ou d&rsquo;autres \u00e9quipements de [&hellip;]<\/p>\n","protected":false},"author":1,"featured_media":0,"parent":0,"menu_order":0,"comment_status":"closed","ping_status":"closed","template":"","meta":{"ocean_post_layout":"","ocean_both_sidebars_style":"","ocean_both_sidebars_content_width":0,"ocean_both_sidebars_sidebars_width":0,"ocean_sidebar":"","ocean_second_sidebar":"","ocean_disable_margins":"enable","ocean_add_body_class":"","ocean_shortcode_before_top_bar":"","ocean_shortcode_after_top_bar":"","ocean_shortcode_before_header":"","ocean_shortcode_after_header":"","ocean_has_shortcode":"","ocean_shortcode_after_title":"","ocean_shortcode_before_footer_widgets":"","ocean_shortcode_after_footer_widgets":"","ocean_shortcode_before_footer_bottom":"","ocean_shortcode_after_footer_bottom":"","ocean_display_top_bar":"default","ocean_display_header":"default","ocean_header_style":"","ocean_center_header_left_menu":"","ocean_custom_header_template":"","ocean_custom_logo":0,"ocean_custom_retina_logo":0,"ocean_custom_logo_max_width":0,"ocean_custom_logo_tablet_max_width":0,"ocean_custom_logo_mobile_max_width":0,"ocean_custom_logo_max_height":0,"ocean_custom_logo_tablet_max_height":0,"ocean_custom_logo_mobile_max_height":0,"ocean_header_custom_menu":"","ocean_menu_typo_font_family":"","ocean_menu_typo_font_subset":"","ocean_menu_typo_font_size":0,"ocean_menu_typo_font_size_tablet":0,"ocean_menu_typo_font_size_mobile":0,"ocean_menu_typo_font_size_unit":"px","ocean_menu_typo_font_weight":"","ocean_menu_typo_font_weight_tablet":"","ocean_menu_typo_font_weight_mobile":"","ocean_menu_typo_transform":"","ocean_menu_typo_transform_tablet":"","ocean_menu_typo_transform_mobile":"","ocean_menu_typo_line_height":0,"ocean_menu_typo_line_height_tablet":0,"ocean_menu_typo_line_height_mobile":0,"ocean_menu_typo_line_height_unit":"","ocean_menu_typo_spacing":0,"ocean_menu_typo_spacing_tablet":0,"ocean_menu_typo_spacing_mobile":0,"ocean_menu_typo_spacing_unit":"","ocean_menu_link_color":"","ocean_menu_link_color_hover":"","ocean_menu_link_color_active":"","ocean_menu_link_background":"","ocean_menu_link_hover_background":"","ocean_menu_link_active_background":"","ocean_menu_social_links_bg":"","ocean_menu_social_hover_links_bg":"","ocean_menu_social_links_color":"","ocean_menu_social_hover_links_color":"","ocean_disable_title":"default","ocean_disable_heading":"default","ocean_post_title":"","ocean_post_subheading":"","ocean_post_title_style":"","ocean_post_title_background_color":"","ocean_post_title_background":0,"ocean_post_title_bg_image_position":"","ocean_post_title_bg_image_attachment":"","ocean_post_title_bg_image_repeat":"","ocean_post_title_bg_image_size":"","ocean_post_title_height":0,"ocean_post_title_bg_overlay":0.5,"ocean_post_title_bg_overlay_color":"","ocean_disable_breadcrumbs":"default","ocean_breadcrumbs_color":"","ocean_breadcrumbs_separator_color":"","ocean_breadcrumbs_links_color":"","ocean_breadcrumbs_links_hover_color":"","ocean_display_footer_widgets":"default","ocean_display_footer_bottom":"default","ocean_custom_footer_template":"","footnotes":""},"class_list":["post-761","page","type-page","status-publish","hentry","entry"],"yoast_head":"<!-- This site is optimized with the Yoast SEO plugin v27.1.1 - https:\/\/yoast.com\/product\/yoast-seo-wordpress\/ -->\n<title>Sas d&#039;\u00e9tanch\u00e9it\u00e9 - AM2S<\/title>\n<meta name=\"robots\" content=\"index, follow, max-snippet:-1, max-image-preview:large, max-video-preview:-1\" \/>\n<link rel=\"canonical\" href=\"https:\/\/am2s.com\/index.php\/sas-detancheite\/\" \/>\n<meta property=\"og:locale\" content=\"fr_FR\" \/>\n<meta property=\"og:type\" content=\"article\" \/>\n<meta property=\"og:title\" content=\"Sas d&#039;\u00e9tanch\u00e9it\u00e9 - AM2S\" \/>\n<meta property=\"og:description\" content=\"Sas d&rsquo;\u00e9tanch\u00e9it\u00e9 Sas d&rsquo;\u00e9tanch\u00e9it\u00e9\u00a0 Une protection efficace Les sas d&rsquo;\u00e9tanch\u00e9it\u00e9 H\u00f6rmann prot\u00e8gent efficacement les marchandises contre les intemp\u00e9ries, r\u00e9duisent les co\u00fbts \u00e9nerg\u00e9tiques, emp\u00eachent les courants d&rsquo;air, et contribuent ainsi \u00e0 la protection de la sant\u00e9 des employ\u00e9s. Leur association avec des niveleurs de quai H\u00f6rmann \u00e9limine la n\u00e9cessit\u00e9 d&rsquo;installer des auvents ou d&rsquo;autres \u00e9quipements de [&hellip;]\" \/>\n<meta property=\"og:url\" content=\"https:\/\/am2s.com\/index.php\/sas-detancheite\/\" \/>\n<meta property=\"og:site_name\" content=\"AM2S\" \/>\n<meta property=\"article:modified_time\" content=\"2024-10-03T10:21:22+00:00\" \/>\n<meta property=\"og:image\" content=\"http:\/\/am2s.com\/wp-content\/uploads\/2024\/10\/sas-detancheite-.png\" \/>\n<meta name=\"twitter:card\" content=\"summary_large_image\" \/>\n<meta name=\"twitter:label1\" content=\"Dur\u00e9e de lecture estim\u00e9e\" \/>\n\t<meta name=\"twitter:data1\" content=\"2 minutes\" \/>\n<script type=\"application\/ld+json\" class=\"yoast-schema-graph\">{\"@context\":\"https:\/\/schema.org\",\"@graph\":[{\"@type\":\"WebPage\",\"@id\":\"https:\/\/am2s.com\/index.php\/sas-detancheite\/\",\"url\":\"https:\/\/am2s.com\/index.php\/sas-detancheite\/\",\"name\":\"Sas d'\u00e9tanch\u00e9it\u00e9 - AM2S\",\"isPartOf\":{\"@id\":\"https:\/\/am2s.com\/#website\"},\"primaryImageOfPage\":{\"@id\":\"https:\/\/am2s.com\/index.php\/sas-detancheite\/#primaryimage\"},\"image\":{\"@id\":\"https:\/\/am2s.com\/index.php\/sas-detancheite\/#primaryimage\"},\"thumbnailUrl\":\"http:\/\/am2s.com\/wp-content\/uploads\/2024\/10\/sas-detancheite-.png\",\"datePublished\":\"2024-06-25T06:37:36+00:00\",\"dateModified\":\"2024-10-03T10:21:22+00:00\",\"breadcrumb\":{\"@id\":\"https:\/\/am2s.com\/index.php\/sas-detancheite\/#breadcrumb\"},\"inLanguage\":\"fr-FR\",\"potentialAction\":[{\"@type\":\"ReadAction\",\"target\":[\"https:\/\/am2s.com\/index.php\/sas-detancheite\/\"]}]},{\"@type\":\"ImageObject\",\"inLanguage\":\"fr-FR\",\"@id\":\"https:\/\/am2s.com\/index.php\/sas-detancheite\/#primaryimage\",\"url\":\"https:\/\/am2s.com\/wp-content\/uploads\/2024\/10\/sas-detancheite-.png\",\"contentUrl\":\"https:\/\/am2s.com\/wp-content\/uploads\/2024\/10\/sas-detancheite-.png\",\"width\":783,\"height\":594},{\"@type\":\"BreadcrumbList\",\"@id\":\"https:\/\/am2s.com\/index.php\/sas-detancheite\/#breadcrumb\",\"itemListElement\":[{\"@type\":\"ListItem\",\"position\":1,\"name\":\"Accueil\",\"item\":\"https:\/\/am2s.com\/\"},{\"@type\":\"ListItem\",\"position\":2,\"name\":\"Sas d&rsquo;\u00e9tanch\u00e9it\u00e9\"}]},{\"@type\":\"WebSite\",\"@id\":\"https:\/\/am2s.com\/#website\",\"url\":\"https:\/\/am2s.com\/\",\"name\":\"AM2S\",\"description\":\"am2s.com\",\"potentialAction\":[{\"@type\":\"SearchAction\",\"target\":{\"@type\":\"EntryPoint\",\"urlTemplate\":\"https:\/\/am2s.com\/?s={search_term_string}\"},\"query-input\":{\"@type\":\"PropertyValueSpecification\",\"valueRequired\":true,\"valueName\":\"search_term_string\"}}],\"inLanguage\":\"fr-FR\"}]}<\/script>\n<!-- \/ Yoast SEO plugin. -->","yoast_head_json":{"title":"Sas d'\u00e9tanch\u00e9it\u00e9 - AM2S","robots":{"index":"index","follow":"follow","max-snippet":"max-snippet:-1","max-image-preview":"max-image-preview:large","max-video-preview":"max-video-preview:-1"},"canonical":"https:\/\/am2s.com\/index.php\/sas-detancheite\/","og_locale":"fr_FR","og_type":"article","og_title":"Sas d'\u00e9tanch\u00e9it\u00e9 - AM2S","og_description":"Sas d&rsquo;\u00e9tanch\u00e9it\u00e9 Sas d&rsquo;\u00e9tanch\u00e9it\u00e9\u00a0 Une protection efficace Les sas d&rsquo;\u00e9tanch\u00e9it\u00e9 H\u00f6rmann prot\u00e8gent efficacement les marchandises contre les intemp\u00e9ries, r\u00e9duisent les co\u00fbts \u00e9nerg\u00e9tiques, emp\u00eachent les courants d&rsquo;air, et contribuent ainsi \u00e0 la protection de la sant\u00e9 des employ\u00e9s. Leur association avec des niveleurs de quai H\u00f6rmann \u00e9limine la n\u00e9cessit\u00e9 d&rsquo;installer des auvents ou d&rsquo;autres \u00e9quipements de [&hellip;]","og_url":"https:\/\/am2s.com\/index.php\/sas-detancheite\/","og_site_name":"AM2S","article_modified_time":"2024-10-03T10:21:22+00:00","og_image":[{"url":"http:\/\/am2s.com\/wp-content\/uploads\/2024\/10\/sas-detancheite-.png","type":"","width":"","height":""}],"twitter_card":"summary_large_image","twitter_misc":{"Dur\u00e9e de lecture estim\u00e9e":"2 minutes"},"schema":{"@context":"https:\/\/schema.org","@graph":[{"@type":"WebPage","@id":"https:\/\/am2s.com\/index.php\/sas-detancheite\/","url":"https:\/\/am2s.com\/index.php\/sas-detancheite\/","name":"Sas d'\u00e9tanch\u00e9it\u00e9 - AM2S","isPartOf":{"@id":"https:\/\/am2s.com\/#website"},"primaryImageOfPage":{"@id":"https:\/\/am2s.com\/index.php\/sas-detancheite\/#primaryimage"},"image":{"@id":"https:\/\/am2s.com\/index.php\/sas-detancheite\/#primaryimage"},"thumbnailUrl":"http:\/\/am2s.com\/wp-content\/uploads\/2024\/10\/sas-detancheite-.png","datePublished":"2024-06-25T06:37:36+00:00","dateModified":"2024-10-03T10:21:22+00:00","breadcrumb":{"@id":"https:\/\/am2s.com\/index.php\/sas-detancheite\/#breadcrumb"},"inLanguage":"fr-FR","potentialAction":[{"@type":"ReadAction","target":["https:\/\/am2s.com\/index.php\/sas-detancheite\/"]}]},{"@type":"ImageObject","inLanguage":"fr-FR","@id":"https:\/\/am2s.com\/index.php\/sas-detancheite\/#primaryimage","url":"https:\/\/am2s.com\/wp-content\/uploads\/2024\/10\/sas-detancheite-.png","contentUrl":"https:\/\/am2s.com\/wp-content\/uploads\/2024\/10\/sas-detancheite-.png","width":783,"height":594},{"@type":"BreadcrumbList","@id":"https:\/\/am2s.com\/index.php\/sas-detancheite\/#breadcrumb","itemListElement":[{"@type":"ListItem","position":1,"name":"Accueil","item":"https:\/\/am2s.com\/"},{"@type":"ListItem","position":2,"name":"Sas d&rsquo;\u00e9tanch\u00e9it\u00e9"}]},{"@type":"WebSite","@id":"https:\/\/am2s.com\/#website","url":"https:\/\/am2s.com\/","name":"AM2S","description":"am2s.com","potentialAction":[{"@type":"SearchAction","target":{"@type":"EntryPoint","urlTemplate":"https:\/\/am2s.com\/?s={search_term_string}"},"query-input":{"@type":"PropertyValueSpecification","valueRequired":true,"valueName":"search_term_string"}}],"inLanguage":"fr-FR"}]}},"_links":{"self":[{"href":"https:\/\/am2s.com\/index.php\/wp-json\/wp\/v2\/pages\/761","targetHints":{"allow":["GET"]}}],"collection":[{"href":"https:\/\/am2s.com\/index.php\/wp-json\/wp\/v2\/pages"}],"about":[{"href":"https:\/\/am2s.com\/index.php\/wp-json\/wp\/v2\/types\/page"}],"author":[{"embeddable":true,"href":"https:\/\/am2s.com\/index.php\/wp-json\/wp\/v2\/users\/1"}],"replies":[{"embeddable":true,"href":"https:\/\/am2s.com\/index.php\/wp-json\/wp\/v2\/comments?post=761"}],"version-history":[{"count":7,"href":"https:\/\/am2s.com\/index.php\/wp-json\/wp\/v2\/pages\/761\/revisions"}],"predecessor-version":[{"id":1699,"href":"https:\/\/am2s.com\/index.php\/wp-json\/wp\/v2\/pages\/761\/revisions\/1699"}],"wp:attachment":[{"href":"https:\/\/am2s.com\/index.php\/wp-json\/wp\/v2\/media?parent=761"}],"curies":[{"name":"wp","href":"https:\/\/api.w.org\/{rel}","templated":true}]}}