{"id":741,"date":"2024-06-25T08:21:00","date_gmt":"2024-06-25T06:21:00","guid":{"rendered":"https:\/\/am2s.com\/?page_id=741"},"modified":"2024-09-27T14:25:21","modified_gmt":"2024-09-27T12:25:21","slug":"abris-de-quai","status":"publish","type":"page","link":"https:\/\/am2s.com\/index.php\/abris-de-quai\/","title":{"rendered":"Abris de quai"},"content":{"rendered":"\t\t<div data-elementor-type=\"wp-page\" data-elementor-id=\"741\" class=\"elementor elementor-741\" data-elementor-post-type=\"page\">\n\t\t\t\t<div class=\"elementor-element elementor-element-22341ca e-flex e-con-boxed e-con e-parent\" data-id=\"22341ca\" data-element_type=\"container\" data-e-type=\"container\">\n\t\t\t\t\t<div class=\"e-con-inner\">\n\t\t\t\t<div class=\"elementor-element elementor-element-a642966 elementor-widget elementor-widget-heading\" data-id=\"a642966\" data-element_type=\"widget\" data-e-type=\"widget\" data-widget_type=\"heading.default\">\n\t\t\t\t<div class=\"elementor-widget-container\">\n\t\t\t\t\t<h2 class=\"elementor-heading-title elementor-size-default\">Abris de quai<\/h2>\t\t\t\t<\/div>\n\t\t\t\t<\/div>\n\t\t\t\t\t<\/div>\n\t\t\t\t<\/div>\n\t\t<div class=\"elementor-element elementor-element-bbd72c6 e-flex e-con-boxed e-con e-parent\" data-id=\"bbd72c6\" data-element_type=\"container\" data-e-type=\"container\">\n\t\t\t\t\t<div class=\"e-con-inner\">\n\t\t\t\t<div class=\"elementor-element elementor-element-172e95b elementor-widget elementor-widget-image\" data-id=\"172e95b\" data-element_type=\"widget\" data-e-type=\"widget\" data-widget_type=\"image.default\">\n\t\t\t\t<div class=\"elementor-widget-container\">\n\t\t\t\t\t\t\t\t\t\t\t\t\t\t\t<img fetchpriority=\"high\" decoding=\"async\" width=\"739\" height=\"551\" src=\"https:\/\/am2s.com\/wp-content\/uploads\/2024\/09\/abris-de-quai.png\" class=\"attachment-large size-large wp-image-1623\" alt=\"\" srcset=\"https:\/\/am2s.com\/wp-content\/uploads\/2024\/09\/abris-de-quai.png 739w, https:\/\/am2s.com\/wp-content\/uploads\/2024\/09\/abris-de-quai-300x224.png 300w\" sizes=\"(max-width: 739px) 100vw, 739px\" \/>\t\t\t\t\t\t\t\t\t\t\t\t\t\t\t<\/div>\n\t\t\t\t<\/div>\n\t\t\t\t\t<\/div>\n\t\t\t\t<\/div>\n\t\t<div class=\"elementor-element elementor-element-b81159c e-flex e-con-boxed e-con e-parent\" data-id=\"b81159c\" data-element_type=\"container\" data-e-type=\"container\">\n\t\t\t\t\t<div class=\"e-con-inner\">\n\t\t\t\t<div class=\"elementor-element elementor-element-24ae98c elementor-widget elementor-widget-text-editor\" data-id=\"24ae98c\" data-element_type=\"widget\" data-e-type=\"widget\" data-widget_type=\"text-editor.default\">\n\t\t\t\t<div class=\"elementor-widget-container\">\n\t\t\t\t\t\t\t\t\t<h1><strong>Abris de quai<\/strong><\/h1><p><strong>Une protection int\u00e9grale<\/strong><\/p><p>Les abris de quai H\u00f6rmann, install\u00e9s devant le b\u00e2timent, permettent d&rsquo;exploiter pleinement l&rsquo;espace int\u00e9rieur jusqu&rsquo;aux murs ext\u00e9rieurs. Ils sont particuli\u00e8rement adapt\u00e9s aux halls o\u00f9 l&rsquo;installation de quais int\u00e9rieurs est impossible ou en l&rsquo;absence d&rsquo;espace sous les quais.<\/p><p>Un abri de quai complet comprend une plate-forme avec niveleur de quai, un habillage mural et de plafond, ainsi qu&rsquo;une ouverture de chargement \u00e9quip\u00e9e d&rsquo;un sas d&rsquo;\u00e9tanch\u00e9it\u00e9. Lorsqu&rsquo;ils sont combin\u00e9s \u00e0 des portes industrielles \u00e0 isolation thermique H\u00f6rmann, ces abris sont id\u00e9aux pour le chargement de marchandises sensibles aux variations de temp\u00e9rature.<\/p><p>Ils permettent l&rsquo;accostage des camions \u00e0 angle droit (90\u00b0) ou en biais (angle aigu) et peuvent \u00eatre livr\u00e9s individuellement ou en s\u00e9rie. Comme les postes de chargement repr\u00e9sentent souvent une part importante de l&rsquo;enveloppe d&rsquo;un b\u00e2timent commercial, ils offrent un grand potentiel d&rsquo;\u00e9conomie d&rsquo;\u00e9nergie, d\u00e9taill\u00e9 dans l&rsquo;indice d&rsquo;\u00e9conomie \u00e9nerg\u00e9tique H\u00f6rmann.<\/p>\t\t\t\t\t\t\t\t<\/div>\n\t\t\t\t<\/div>\n\t\t\t\t\t<\/div>\n\t\t\t\t<\/div>\n\t\t<div class=\"elementor-element elementor-element-3ee321c e-flex e-con-boxed e-con e-parent\" data-id=\"3ee321c\" data-element_type=\"container\" data-e-type=\"container\">\n\t\t\t\t\t<div class=\"e-con-inner\">\n\t\t<div class=\"elementor-element elementor-element-e967ad4 e-con-full e-flex e-con e-child\" data-id=\"e967ad4\" data-element_type=\"container\" data-e-type=\"container\">\n\t\t\t\t<div class=\"elementor-element elementor-element-53c48b4 elementor-widget elementor-widget-image\" data-id=\"53c48b4\" data-element_type=\"widget\" data-e-type=\"widget\" data-widget_type=\"image.default\">\n\t\t\t\t<div class=\"elementor-widget-container\">\n\t\t\t\t\t\t\t\t\t\t\t\t\t\t\t<img decoding=\"async\" width=\"483\" height=\"403\" src=\"https:\/\/am2s.com\/wp-content\/uploads\/2024\/09\/abris-de-quai-1.png\" class=\"attachment-large size-large wp-image-1624\" alt=\"\" srcset=\"https:\/\/am2s.com\/wp-content\/uploads\/2024\/09\/abris-de-quai-1.png 483w, https:\/\/am2s.com\/wp-content\/uploads\/2024\/09\/abris-de-quai-1-300x250.png 300w\" sizes=\"(max-width: 483px) 100vw, 483px\" \/>\t\t\t\t\t\t\t\t\t\t\t\t\t\t\t<\/div>\n\t\t\t\t<\/div>\n\t\t\t\t<\/div>\n\t\t<div class=\"elementor-element elementor-element-333c03c e-con-full e-flex e-con e-child\" data-id=\"333c03c\" data-element_type=\"container\" data-e-type=\"container\">\n\t\t\t\t<div class=\"elementor-element elementor-element-531eb69 elementor-widget elementor-widget-image\" data-id=\"531eb69\" data-element_type=\"widget\" data-e-type=\"widget\" data-widget_type=\"image.default\">\n\t\t\t\t<div class=\"elementor-widget-container\">\n\t\t\t\t\t\t\t\t\t\t\t\t\t\t\t<img decoding=\"async\" width=\"484\" height=\"412\" src=\"https:\/\/am2s.com\/wp-content\/uploads\/2024\/09\/abris-de-quai-2.png\" class=\"attachment-large size-large wp-image-1625\" alt=\"\" srcset=\"https:\/\/am2s.com\/wp-content\/uploads\/2024\/09\/abris-de-quai-2.png 484w, https:\/\/am2s.com\/wp-content\/uploads\/2024\/09\/abris-de-quai-2-300x255.png 300w\" sizes=\"(max-width: 484px) 100vw, 484px\" \/>\t\t\t\t\t\t\t\t\t\t\t\t\t\t\t<\/div>\n\t\t\t\t<\/div>\n\t\t\t\t<\/div>\n\t\t\t\t\t<\/div>\n\t\t\t\t<\/div>\n\t\t\t\t<\/div>\n\t\t","protected":false},"excerpt":{"rendered":"<p>Abris de quai Abris de quai Une protection int\u00e9grale Les abris de quai H\u00f6rmann, install\u00e9s devant le b\u00e2timent, permettent d&rsquo;exploiter pleinement l&rsquo;espace int\u00e9rieur jusqu&rsquo;aux murs ext\u00e9rieurs. Ils sont particuli\u00e8rement adapt\u00e9s aux halls o\u00f9 l&rsquo;installation de quais int\u00e9rieurs est impossible ou en l&rsquo;absence d&rsquo;espace sous les quais. Un abri de quai complet comprend une plate-forme avec [&hellip;]<\/p>\n","protected":false},"author":1,"featured_media":0,"parent":0,"menu_order":0,"comment_status":"closed","ping_status":"closed","template":"","meta":{"ocean_post_layout":"","ocean_both_sidebars_style":"","ocean_both_sidebars_content_width":0,"ocean_both_sidebars_sidebars_width":0,"ocean_sidebar":"","ocean_second_sidebar":"","ocean_disable_margins":"enable","ocean_add_body_class":"","ocean_shortcode_before_top_bar":"","ocean_shortcode_after_top_bar":"","ocean_shortcode_before_header":"","ocean_shortcode_after_header":"","ocean_has_shortcode":"","ocean_shortcode_after_title":"","ocean_shortcode_before_footer_widgets":"","ocean_shortcode_after_footer_widgets":"","ocean_shortcode_before_footer_bottom":"","ocean_shortcode_after_footer_bottom":"","ocean_display_top_bar":"default","ocean_display_header":"default","ocean_header_style":"","ocean_center_header_left_menu":"","ocean_custom_header_template":"","ocean_custom_logo":0,"ocean_custom_retina_logo":0,"ocean_custom_logo_max_width":0,"ocean_custom_logo_tablet_max_width":0,"ocean_custom_logo_mobile_max_width":0,"ocean_custom_logo_max_height":0,"ocean_custom_logo_tablet_max_height":0,"ocean_custom_logo_mobile_max_height":0,"ocean_header_custom_menu":"","ocean_menu_typo_font_family":"","ocean_menu_typo_font_subset":"","ocean_menu_typo_font_size":0,"ocean_menu_typo_font_size_tablet":0,"ocean_menu_typo_font_size_mobile":0,"ocean_menu_typo_font_size_unit":"px","ocean_menu_typo_font_weight":"","ocean_menu_typo_font_weight_tablet":"","ocean_menu_typo_font_weight_mobile":"","ocean_menu_typo_transform":"","ocean_menu_typo_transform_tablet":"","ocean_menu_typo_transform_mobile":"","ocean_menu_typo_line_height":0,"ocean_menu_typo_line_height_tablet":0,"ocean_menu_typo_line_height_mobile":0,"ocean_menu_typo_line_height_unit":"","ocean_menu_typo_spacing":0,"ocean_menu_typo_spacing_tablet":0,"ocean_menu_typo_spacing_mobile":0,"ocean_menu_typo_spacing_unit":"","ocean_menu_link_color":"","ocean_menu_link_color_hover":"","ocean_menu_link_color_active":"","ocean_menu_link_background":"","ocean_menu_link_hover_background":"","ocean_menu_link_active_background":"","ocean_menu_social_links_bg":"","ocean_menu_social_hover_links_bg":"","ocean_menu_social_links_color":"","ocean_menu_social_hover_links_color":"","ocean_disable_title":"default","ocean_disable_heading":"default","ocean_post_title":"","ocean_post_subheading":"","ocean_post_title_style":"","ocean_post_title_background_color":"","ocean_post_title_background":0,"ocean_post_title_bg_image_position":"","ocean_post_title_bg_image_attachment":"","ocean_post_title_bg_image_repeat":"","ocean_post_title_bg_image_size":"","ocean_post_title_height":0,"ocean_post_title_bg_overlay":0.5,"ocean_post_title_bg_overlay_color":"","ocean_disable_breadcrumbs":"default","ocean_breadcrumbs_color":"","ocean_breadcrumbs_separator_color":"","ocean_breadcrumbs_links_color":"","ocean_breadcrumbs_links_hover_color":"","ocean_display_footer_widgets":"default","ocean_display_footer_bottom":"default","ocean_custom_footer_template":"","footnotes":""},"class_list":["post-741","page","type-page","status-publish","hentry","entry"],"yoast_head":"<!-- This site is optimized with the Yoast SEO plugin v27.1.1 - https:\/\/yoast.com\/product\/yoast-seo-wordpress\/ -->\n<title>Abris de quai - AM2S<\/title>\n<meta name=\"robots\" content=\"index, follow, max-snippet:-1, max-image-preview:large, max-video-preview:-1\" \/>\n<link rel=\"canonical\" href=\"https:\/\/am2s.com\/index.php\/abris-de-quai\/\" \/>\n<meta property=\"og:locale\" content=\"fr_FR\" \/>\n<meta property=\"og:type\" content=\"article\" \/>\n<meta property=\"og:title\" content=\"Abris de quai - AM2S\" \/>\n<meta property=\"og:description\" content=\"Abris de quai Abris de quai Une protection int\u00e9grale Les abris de quai H\u00f6rmann, install\u00e9s devant le b\u00e2timent, permettent d&rsquo;exploiter pleinement l&rsquo;espace int\u00e9rieur jusqu&rsquo;aux murs ext\u00e9rieurs. Ils sont particuli\u00e8rement adapt\u00e9s aux halls o\u00f9 l&rsquo;installation de quais int\u00e9rieurs est impossible ou en l&rsquo;absence d&rsquo;espace sous les quais. Un abri de quai complet comprend une plate-forme avec [&hellip;]\" \/>\n<meta property=\"og:url\" content=\"https:\/\/am2s.com\/index.php\/abris-de-quai\/\" \/>\n<meta property=\"og:site_name\" content=\"AM2S\" \/>\n<meta property=\"article:modified_time\" content=\"2024-09-27T12:25:21+00:00\" \/>\n<meta property=\"og:image\" content=\"http:\/\/am2s.com\/wp-content\/uploads\/2024\/09\/abris-de-quai.png\" \/>\n<meta name=\"twitter:card\" content=\"summary_large_image\" \/>\n<meta name=\"twitter:label1\" content=\"Dur\u00e9e de lecture estim\u00e9e\" \/>\n\t<meta name=\"twitter:data1\" content=\"2 minutes\" \/>\n<script type=\"application\/ld+json\" class=\"yoast-schema-graph\">{\"@context\":\"https:\/\/schema.org\",\"@graph\":[{\"@type\":\"WebPage\",\"@id\":\"https:\/\/am2s.com\/index.php\/abris-de-quai\/\",\"url\":\"https:\/\/am2s.com\/index.php\/abris-de-quai\/\",\"name\":\"Abris de quai - AM2S\",\"isPartOf\":{\"@id\":\"https:\/\/am2s.com\/#website\"},\"primaryImageOfPage\":{\"@id\":\"https:\/\/am2s.com\/index.php\/abris-de-quai\/#primaryimage\"},\"image\":{\"@id\":\"https:\/\/am2s.com\/index.php\/abris-de-quai\/#primaryimage\"},\"thumbnailUrl\":\"http:\/\/am2s.com\/wp-content\/uploads\/2024\/09\/abris-de-quai.png\",\"datePublished\":\"2024-06-25T06:21:00+00:00\",\"dateModified\":\"2024-09-27T12:25:21+00:00\",\"breadcrumb\":{\"@id\":\"https:\/\/am2s.com\/index.php\/abris-de-quai\/#breadcrumb\"},\"inLanguage\":\"fr-FR\",\"potentialAction\":[{\"@type\":\"ReadAction\",\"target\":[\"https:\/\/am2s.com\/index.php\/abris-de-quai\/\"]}]},{\"@type\":\"ImageObject\",\"inLanguage\":\"fr-FR\",\"@id\":\"https:\/\/am2s.com\/index.php\/abris-de-quai\/#primaryimage\",\"url\":\"https:\/\/am2s.com\/wp-content\/uploads\/2024\/09\/abris-de-quai.png\",\"contentUrl\":\"https:\/\/am2s.com\/wp-content\/uploads\/2024\/09\/abris-de-quai.png\",\"width\":739,\"height\":551},{\"@type\":\"BreadcrumbList\",\"@id\":\"https:\/\/am2s.com\/index.php\/abris-de-quai\/#breadcrumb\",\"itemListElement\":[{\"@type\":\"ListItem\",\"position\":1,\"name\":\"Accueil\",\"item\":\"https:\/\/am2s.com\/\"},{\"@type\":\"ListItem\",\"position\":2,\"name\":\"Abris de quai\"}]},{\"@type\":\"WebSite\",\"@id\":\"https:\/\/am2s.com\/#website\",\"url\":\"https:\/\/am2s.com\/\",\"name\":\"AM2S\",\"description\":\"am2s.com\",\"potentialAction\":[{\"@type\":\"SearchAction\",\"target\":{\"@type\":\"EntryPoint\",\"urlTemplate\":\"https:\/\/am2s.com\/?s={search_term_string}\"},\"query-input\":{\"@type\":\"PropertyValueSpecification\",\"valueRequired\":true,\"valueName\":\"search_term_string\"}}],\"inLanguage\":\"fr-FR\"}]}<\/script>\n<!-- \/ Yoast SEO plugin. -->","yoast_head_json":{"title":"Abris de quai - AM2S","robots":{"index":"index","follow":"follow","max-snippet":"max-snippet:-1","max-image-preview":"max-image-preview:large","max-video-preview":"max-video-preview:-1"},"canonical":"https:\/\/am2s.com\/index.php\/abris-de-quai\/","og_locale":"fr_FR","og_type":"article","og_title":"Abris de quai - AM2S","og_description":"Abris de quai Abris de quai Une protection int\u00e9grale Les abris de quai H\u00f6rmann, install\u00e9s devant le b\u00e2timent, permettent d&rsquo;exploiter pleinement l&rsquo;espace int\u00e9rieur jusqu&rsquo;aux murs ext\u00e9rieurs. Ils sont particuli\u00e8rement adapt\u00e9s aux halls o\u00f9 l&rsquo;installation de quais int\u00e9rieurs est impossible ou en l&rsquo;absence d&rsquo;espace sous les quais. Un abri de quai complet comprend une plate-forme avec [&hellip;]","og_url":"https:\/\/am2s.com\/index.php\/abris-de-quai\/","og_site_name":"AM2S","article_modified_time":"2024-09-27T12:25:21+00:00","og_image":[{"url":"http:\/\/am2s.com\/wp-content\/uploads\/2024\/09\/abris-de-quai.png","type":"","width":"","height":""}],"twitter_card":"summary_large_image","twitter_misc":{"Dur\u00e9e de lecture estim\u00e9e":"2 minutes"},"schema":{"@context":"https:\/\/schema.org","@graph":[{"@type":"WebPage","@id":"https:\/\/am2s.com\/index.php\/abris-de-quai\/","url":"https:\/\/am2s.com\/index.php\/abris-de-quai\/","name":"Abris de quai - AM2S","isPartOf":{"@id":"https:\/\/am2s.com\/#website"},"primaryImageOfPage":{"@id":"https:\/\/am2s.com\/index.php\/abris-de-quai\/#primaryimage"},"image":{"@id":"https:\/\/am2s.com\/index.php\/abris-de-quai\/#primaryimage"},"thumbnailUrl":"http:\/\/am2s.com\/wp-content\/uploads\/2024\/09\/abris-de-quai.png","datePublished":"2024-06-25T06:21:00+00:00","dateModified":"2024-09-27T12:25:21+00:00","breadcrumb":{"@id":"https:\/\/am2s.com\/index.php\/abris-de-quai\/#breadcrumb"},"inLanguage":"fr-FR","potentialAction":[{"@type":"ReadAction","target":["https:\/\/am2s.com\/index.php\/abris-de-quai\/"]}]},{"@type":"ImageObject","inLanguage":"fr-FR","@id":"https:\/\/am2s.com\/index.php\/abris-de-quai\/#primaryimage","url":"https:\/\/am2s.com\/wp-content\/uploads\/2024\/09\/abris-de-quai.png","contentUrl":"https:\/\/am2s.com\/wp-content\/uploads\/2024\/09\/abris-de-quai.png","width":739,"height":551},{"@type":"BreadcrumbList","@id":"https:\/\/am2s.com\/index.php\/abris-de-quai\/#breadcrumb","itemListElement":[{"@type":"ListItem","position":1,"name":"Accueil","item":"https:\/\/am2s.com\/"},{"@type":"ListItem","position":2,"name":"Abris de quai"}]},{"@type":"WebSite","@id":"https:\/\/am2s.com\/#website","url":"https:\/\/am2s.com\/","name":"AM2S","description":"am2s.com","potentialAction":[{"@type":"SearchAction","target":{"@type":"EntryPoint","urlTemplate":"https:\/\/am2s.com\/?s={search_term_string}"},"query-input":{"@type":"PropertyValueSpecification","valueRequired":true,"valueName":"search_term_string"}}],"inLanguage":"fr-FR"}]}},"_links":{"self":[{"href":"https:\/\/am2s.com\/index.php\/wp-json\/wp\/v2\/pages\/741","targetHints":{"allow":["GET"]}}],"collection":[{"href":"https:\/\/am2s.com\/index.php\/wp-json\/wp\/v2\/pages"}],"about":[{"href":"https:\/\/am2s.com\/index.php\/wp-json\/wp\/v2\/types\/page"}],"author":[{"embeddable":true,"href":"https:\/\/am2s.com\/index.php\/wp-json\/wp\/v2\/users\/1"}],"replies":[{"embeddable":true,"href":"https:\/\/am2s.com\/index.php\/wp-json\/wp\/v2\/comments?post=741"}],"version-history":[{"count":4,"href":"https:\/\/am2s.com\/index.php\/wp-json\/wp\/v2\/pages\/741\/revisions"}],"predecessor-version":[{"id":1628,"href":"https:\/\/am2s.com\/index.php\/wp-json\/wp\/v2\/pages\/741\/revisions\/1628"}],"wp:attachment":[{"href":"https:\/\/am2s.com\/index.php\/wp-json\/wp\/v2\/media?parent=741"}],"curies":[{"name":"wp","href":"https:\/\/api.w.org\/{rel}","templated":true}]}}