{"id":634,"date":"2024-06-24T15:13:27","date_gmt":"2024-06-24T13:13:27","guid":{"rendered":"https:\/\/am2s.com\/?page_id=634"},"modified":"2024-10-03T12:16:25","modified_gmt":"2024-10-03T10:16:25","slug":"portes-coupe-feu","status":"publish","type":"page","link":"https:\/\/am2s.com\/index.php\/portes-coupe-feu\/","title":{"rendered":"Portes coupe-feu"},"content":{"rendered":"\t\t<div data-elementor-type=\"wp-page\" data-elementor-id=\"634\" class=\"elementor elementor-634\" data-elementor-post-type=\"page\">\n\t\t\t\t<div class=\"elementor-element elementor-element-854c843 e-flex e-con-boxed e-con e-parent\" data-id=\"854c843\" data-element_type=\"container\" data-e-type=\"container\">\n\t\t\t\t\t<div class=\"e-con-inner\">\n\t\t\t\t<div class=\"elementor-element elementor-element-092421b elementor-widget elementor-widget-heading\" data-id=\"092421b\" data-element_type=\"widget\" data-e-type=\"widget\" data-widget_type=\"heading.default\">\n\t\t\t\t<div class=\"elementor-widget-container\">\n\t\t\t\t\t<h2 class=\"elementor-heading-title elementor-size-default\">Portes coupe-feu <\/h2>\t\t\t\t<\/div>\n\t\t\t\t<\/div>\n\t\t\t\t\t<\/div>\n\t\t\t\t<\/div>\n\t\t<div class=\"elementor-element elementor-element-b15ea0e e-flex e-con-boxed e-con e-parent\" data-id=\"b15ea0e\" data-element_type=\"container\" data-e-type=\"container\">\n\t\t\t\t\t<div class=\"e-con-inner\">\n\t\t\t\t<div class=\"elementor-element elementor-element-0036582 elementor-widget elementor-widget-spacer\" data-id=\"0036582\" data-element_type=\"widget\" data-e-type=\"widget\" data-widget_type=\"spacer.default\">\n\t\t\t\t<div class=\"elementor-widget-container\">\n\t\t\t\t\t\t\t<div class=\"elementor-spacer\">\n\t\t\t<div class=\"elementor-spacer-inner\"><\/div>\n\t\t<\/div>\n\t\t\t\t\t\t<\/div>\n\t\t\t\t<\/div>\n\t\t\t\t<div class=\"elementor-element elementor-element-06ffff8 elementor-widget elementor-widget-image\" data-id=\"06ffff8\" data-element_type=\"widget\" data-e-type=\"widget\" data-widget_type=\"image.default\">\n\t\t\t\t<div class=\"elementor-widget-container\">\n\t\t\t\t\t\t\t\t\t\t\t\t\t\t\t<img fetchpriority=\"high\" decoding=\"async\" width=\"730\" height=\"429\" src=\"https:\/\/am2s.com\/wp-content\/uploads\/2024\/10\/porte-coulissante-coupe-feu.png\" class=\"attachment-large size-large wp-image-1667\" alt=\"\" srcset=\"https:\/\/am2s.com\/wp-content\/uploads\/2024\/10\/porte-coulissante-coupe-feu.png 730w, https:\/\/am2s.com\/wp-content\/uploads\/2024\/10\/porte-coulissante-coupe-feu-300x176.png 300w\" sizes=\"(max-width: 730px) 100vw, 730px\" \/>\t\t\t\t\t\t\t\t\t\t\t\t\t\t\t<\/div>\n\t\t\t\t<\/div>\n\t\t\t\t<div class=\"elementor-element elementor-element-dec2e47 elementor-widget elementor-widget-spacer\" data-id=\"dec2e47\" data-element_type=\"widget\" data-e-type=\"widget\" data-widget_type=\"spacer.default\">\n\t\t\t\t<div class=\"elementor-widget-container\">\n\t\t\t\t\t\t\t<div class=\"elementor-spacer\">\n\t\t\t<div class=\"elementor-spacer-inner\"><\/div>\n\t\t<\/div>\n\t\t\t\t\t\t<\/div>\n\t\t\t\t<\/div>\n\t\t\t\t\t<\/div>\n\t\t\t\t<\/div>\n\t\t<div class=\"elementor-element elementor-element-0779b96 e-flex e-con-boxed e-con e-parent\" data-id=\"0779b96\" data-element_type=\"container\" data-e-type=\"container\">\n\t\t\t\t\t<div class=\"e-con-inner\">\n\t\t\t\t<div class=\"elementor-element elementor-element-baa1910 elementor-widget elementor-widget-text-editor\" data-id=\"baa1910\" data-element_type=\"widget\" data-e-type=\"widget\" data-widget_type=\"text-editor.default\">\n\t\t\t\t<div class=\"elementor-widget-container\">\n\t\t\t\t\t\t\t\t\t<h1><strong>Portes coulissantes r\u00e9sistantes au feu\u00a0<\/strong><\/h1><p>Les portes coulissantes coupe-feu et \u00e9tanches \u00e0 la fum\u00e9e sont essentielles pour garantir des voies d&rsquo;\u00e9vacuation et de sauvetage s\u00fbres dans les environnements o\u00f9 il est imp\u00e9ratif de prot\u00e9ger les personnes de la propagation de gaz de fum\u00e9e dangereux en cas d&rsquo;incendie.<\/p><p>Ces portes sont particuli\u00e8rement adapt\u00e9es lorsqu&rsquo;elles sont \u00e9quip\u00e9es d&rsquo;un portillon ou d&rsquo;une porte de secours sans seuil, facilitant ainsi le passage rapide des personnes ainsi que le d\u00e9placement de chariots \u00e0 bras ou de petits chariots de transport. En r\u00e8gle g\u00e9n\u00e9rale, ces portillons ou portes de secours int\u00e8grent un ferme-porte \u00e0 glissi\u00e8re en standard pour assurer une protection efficace contre les incendies.<\/p><p>\u00a0<\/p>\t\t\t\t\t\t\t\t<\/div>\n\t\t\t\t<\/div>\n\t\t\t\t\t<\/div>\n\t\t\t\t<\/div>\n\t\t<div class=\"elementor-element elementor-element-61ed15b e-flex e-con-boxed e-con e-parent\" data-id=\"61ed15b\" data-element_type=\"container\" data-e-type=\"container\">\n\t\t\t\t\t<div class=\"e-con-inner\">\n\t\t\t\t<div class=\"elementor-element elementor-element-9ea3c7f elementor-arrows-position-inside elementor-pagination-position-outside elementor-widget elementor-widget-image-carousel\" data-id=\"9ea3c7f\" data-element_type=\"widget\" data-e-type=\"widget\" data-settings=\"{&quot;image_spacing_custom&quot;:{&quot;unit&quot;:&quot;px&quot;,&quot;size&quot;:84,&quot;sizes&quot;:[]},&quot;navigation&quot;:&quot;both&quot;,&quot;autoplay&quot;:&quot;yes&quot;,&quot;pause_on_hover&quot;:&quot;yes&quot;,&quot;pause_on_interaction&quot;:&quot;yes&quot;,&quot;autoplay_speed&quot;:5000,&quot;infinite&quot;:&quot;yes&quot;,&quot;speed&quot;:500,&quot;image_spacing_custom_tablet&quot;:{&quot;unit&quot;:&quot;px&quot;,&quot;size&quot;:&quot;&quot;,&quot;sizes&quot;:[]},&quot;image_spacing_custom_mobile&quot;:{&quot;unit&quot;:&quot;px&quot;,&quot;size&quot;:&quot;&quot;,&quot;sizes&quot;:[]}}\" data-widget_type=\"image-carousel.default\">\n\t\t\t\t<div class=\"elementor-widget-container\">\n\t\t\t\t\t\t\t<div class=\"elementor-image-carousel-wrapper swiper\" role=\"region\" aria-roledescription=\"carousel\" aria-label=\"Carrousel d\u2019images\" dir=\"ltr\">\n\t\t\t<div class=\"elementor-image-carousel swiper-wrapper\" aria-live=\"off\">\n\t\t\t\t\t\t\t\t<div class=\"swiper-slide\" role=\"group\" aria-roledescription=\"slide\" aria-label=\"1 sur 5\"><figure class=\"swiper-slide-inner\"><img decoding=\"async\" class=\"swiper-slide-image\" src=\"https:\/\/am2s.com\/wp-content\/uploads\/2024\/10\/CP-1.png\" alt=\"CP 1\" \/><\/figure><\/div><div class=\"swiper-slide\" role=\"group\" aria-roledescription=\"slide\" aria-label=\"2 sur 5\"><figure class=\"swiper-slide-inner\"><img decoding=\"async\" class=\"swiper-slide-image\" src=\"https:\/\/am2s.com\/wp-content\/uploads\/2024\/10\/CP-2.png\" alt=\"CP 2\" \/><\/figure><\/div><div class=\"swiper-slide\" role=\"group\" aria-roledescription=\"slide\" aria-label=\"3 sur 5\"><figure class=\"swiper-slide-inner\"><img decoding=\"async\" class=\"swiper-slide-image\" src=\"https:\/\/am2s.com\/wp-content\/uploads\/2024\/10\/CP4.png\" alt=\"CP4\" \/><\/figure><\/div><div class=\"swiper-slide\" role=\"group\" aria-roledescription=\"slide\" aria-label=\"4 sur 5\"><figure class=\"swiper-slide-inner\"><img decoding=\"async\" class=\"swiper-slide-image\" src=\"https:\/\/am2s.com\/wp-content\/uploads\/2024\/10\/CP6.png\" alt=\"CP6\" \/><\/figure><\/div><div class=\"swiper-slide\" role=\"group\" aria-roledescription=\"slide\" aria-label=\"5 sur 5\"><figure class=\"swiper-slide-inner\"><img decoding=\"async\" class=\"swiper-slide-image\" src=\"https:\/\/am2s.com\/wp-content\/uploads\/2024\/10\/CP5.png\" alt=\"CP5\" \/><\/figure><\/div>\t\t\t<\/div>\n\t\t\t\t\t\t\t\t\t\t\t\t<div class=\"elementor-swiper-button elementor-swiper-button-prev\" role=\"button\" tabindex=\"0\">\n\t\t\t\t\t\t<svg aria-hidden=\"true\" class=\"e-font-icon-svg e-eicon-chevron-left\" viewBox=\"0 0 1000 1000\" xmlns=\"http:\/\/www.w3.org\/2000\/svg\"><path d=\"M646 125C629 125 613 133 604 142L308 442C296 454 292 471 292 487 292 504 296 521 308 533L604 854C617 867 629 875 646 875 663 875 679 871 692 858 704 846 713 829 713 812 713 796 708 779 692 767L438 487 692 225C700 217 708 204 708 187 708 171 704 154 692 142 675 129 663 125 646 125Z\"><\/path><\/svg>\t\t\t\t\t<\/div>\n\t\t\t\t\t<div class=\"elementor-swiper-button elementor-swiper-button-next\" role=\"button\" tabindex=\"0\">\n\t\t\t\t\t\t<svg aria-hidden=\"true\" class=\"e-font-icon-svg e-eicon-chevron-right\" viewBox=\"0 0 1000 1000\" xmlns=\"http:\/\/www.w3.org\/2000\/svg\"><path d=\"M696 533C708 521 713 504 713 487 713 471 708 454 696 446L400 146C388 133 375 125 354 125 338 125 325 129 313 142 300 154 292 171 292 187 292 204 296 221 308 233L563 492 304 771C292 783 288 800 288 817 288 833 296 850 308 863 321 871 338 875 354 875 371 875 388 867 400 854L696 533Z\"><\/path><\/svg>\t\t\t\t\t<\/div>\n\t\t\t\t\n\t\t\t\t\t\t\t\t\t<div class=\"swiper-pagination\"><\/div>\n\t\t\t\t\t\t\t\t\t<\/div>\n\t\t\t\t\t\t<\/div>\n\t\t\t\t<\/div>\n\t\t\t\t<div class=\"elementor-element elementor-element-fcd1d22 elementor-widget elementor-widget-spacer\" data-id=\"fcd1d22\" data-element_type=\"widget\" data-e-type=\"widget\" data-widget_type=\"spacer.default\">\n\t\t\t\t<div class=\"elementor-widget-container\">\n\t\t\t\t\t\t\t<div class=\"elementor-spacer\">\n\t\t\t<div class=\"elementor-spacer-inner\"><\/div>\n\t\t<\/div>\n\t\t\t\t\t\t<\/div>\n\t\t\t\t<\/div>\n\t\t\t\t\t<\/div>\n\t\t\t\t<\/div>\n\t\t<div class=\"elementor-element elementor-element-0a871eb e-flex e-con-boxed e-con e-parent\" data-id=\"0a871eb\" data-element_type=\"container\" data-e-type=\"container\">\n\t\t\t\t\t<div class=\"e-con-inner\">\n\t\t<div class=\"elementor-element elementor-element-feaac4a e-con-full e-flex e-con e-child\" data-id=\"feaac4a\" data-element_type=\"container\" data-e-type=\"container\">\n\t\t\t\t<div class=\"elementor-element elementor-element-1eeb04b elementor-align-center elementor-widget elementor-widget-button\" data-id=\"1eeb04b\" data-element_type=\"widget\" data-e-type=\"widget\" data-widget_type=\"button.default\">\n\t\t\t\t<div class=\"elementor-widget-container\">\n\t\t\t\t\t\t\t\t\t<div class=\"elementor-button-wrapper\">\n\t\t\t\t\t<a class=\"elementor-button elementor-button-link elementor-size-sm\" href=\"https:\/\/www.hormann.fr\/mediacenter\/preview\/171691fr\/87123_SES_OD_2312_FR_FRANCE.pdf?20240913091512\" target=\"_blank\">\n\t\t\t\t\t\t<span class=\"elementor-button-content-wrapper\">\n\t\t\t\t\t\t<span class=\"elementor-button-icon\">\n\t\t\t\t<svg aria-hidden=\"true\" class=\"e-font-icon-svg e-fas-book-open\" viewBox=\"0 0 576 512\" xmlns=\"http:\/\/www.w3.org\/2000\/svg\"><path d=\"M542.22 32.05c-54.8 3.11-163.72 14.43-230.96 55.59-4.64 2.84-7.27 7.89-7.27 13.17v363.87c0 11.55 12.63 18.85 23.28 13.49 69.18-34.82 169.23-44.32 218.7-46.92 16.89-.89 30.02-14.43 30.02-30.66V62.75c.01-17.71-15.35-31.74-33.77-30.7zM264.73 87.64C197.5 46.48 88.58 35.17 33.78 32.05 15.36 31.01 0 45.04 0 62.75V400.6c0 16.24 13.13 29.78 30.02 30.66 49.49 2.6 149.59 12.11 218.77 46.95 10.62 5.35 23.21-1.94 23.21-13.46V100.63c0-5.29-2.62-10.14-7.27-12.99z\"><\/path><\/svg>\t\t\t<\/span>\n\t\t\t\t\t\t\t\t\t<span class=\"elementor-button-text\">CATALOGUE<\/span>\n\t\t\t\t\t<\/span>\n\t\t\t\t\t<\/a>\n\t\t\t\t<\/div>\n\t\t\t\t\t\t\t\t<\/div>\n\t\t\t\t<\/div>\n\t\t\t\t<\/div>\n\t\t<div class=\"elementor-element elementor-element-a42004a e-con-full e-flex e-con e-child\" data-id=\"a42004a\" data-element_type=\"container\" data-e-type=\"container\">\n\t\t\t\t<div class=\"elementor-element elementor-element-28d13d6 elementor-align-center elementor-widget elementor-widget-button\" data-id=\"28d13d6\" data-element_type=\"widget\" data-e-type=\"widget\" data-widget_type=\"button.default\">\n\t\t\t\t<div class=\"elementor-widget-container\">\n\t\t\t\t\t\t\t\t\t<div class=\"elementor-button-wrapper\">\n\t\t\t\t\t<a class=\"elementor-button elementor-button-link elementor-size-sm\" href=\"https:\/\/am2s.com\/index.php\/contact\/\">\n\t\t\t\t\t\t<span class=\"elementor-button-content-wrapper\">\n\t\t\t\t\t\t<span class=\"elementor-button-icon\">\n\t\t\t\t<svg aria-hidden=\"true\" class=\"e-font-icon-svg e-fas-book-open\" viewBox=\"0 0 576 512\" xmlns=\"http:\/\/www.w3.org\/2000\/svg\"><path d=\"M542.22 32.05c-54.8 3.11-163.72 14.43-230.96 55.59-4.64 2.84-7.27 7.89-7.27 13.17v363.87c0 11.55 12.63 18.85 23.28 13.49 69.18-34.82 169.23-44.32 218.7-46.92 16.89-.89 30.02-14.43 30.02-30.66V62.75c.01-17.71-15.35-31.74-33.77-30.7zM264.73 87.64C197.5 46.48 88.58 35.17 33.78 32.05 15.36 31.01 0 45.04 0 62.75V400.6c0 16.24 13.13 29.78 30.02 30.66 49.49 2.6 149.59 12.11 218.77 46.95 10.62 5.35 23.21-1.94 23.21-13.46V100.63c0-5.29-2.62-10.14-7.27-12.99z\"><\/path><\/svg>\t\t\t<\/span>\n\t\t\t\t\t\t\t\t\t<span class=\"elementor-button-text\">DEMANDE DE DEVIS <\/span>\n\t\t\t\t\t<\/span>\n\t\t\t\t\t<\/a>\n\t\t\t\t<\/div>\n\t\t\t\t\t\t\t\t<\/div>\n\t\t\t\t<\/div>\n\t\t\t\t<\/div>\n\t\t\t\t\t<\/div>\n\t\t\t\t<\/div>\n\t\t\t\t<\/div>\n\t\t","protected":false},"excerpt":{"rendered":"<p>Portes coupe-feu Portes coulissantes r\u00e9sistantes au feu\u00a0 Les portes coulissantes coupe-feu et \u00e9tanches \u00e0 la fum\u00e9e sont essentielles pour garantir des voies d&rsquo;\u00e9vacuation et de sauvetage s\u00fbres dans les environnements o\u00f9 il est imp\u00e9ratif de prot\u00e9ger les personnes de la propagation de gaz de fum\u00e9e dangereux en cas d&rsquo;incendie. Ces portes sont particuli\u00e8rement adapt\u00e9es lorsqu&rsquo;elles [&hellip;]<\/p>\n","protected":false},"author":1,"featured_media":0,"parent":0,"menu_order":0,"comment_status":"closed","ping_status":"closed","template":"","meta":{"ocean_post_layout":"","ocean_both_sidebars_style":"","ocean_both_sidebars_content_width":0,"ocean_both_sidebars_sidebars_width":0,"ocean_sidebar":"","ocean_second_sidebar":"","ocean_disable_margins":"enable","ocean_add_body_class":"","ocean_shortcode_before_top_bar":"","ocean_shortcode_after_top_bar":"","ocean_shortcode_before_header":"","ocean_shortcode_after_header":"","ocean_has_shortcode":"","ocean_shortcode_after_title":"","ocean_shortcode_before_footer_widgets":"","ocean_shortcode_after_footer_widgets":"","ocean_shortcode_before_footer_bottom":"","ocean_shortcode_after_footer_bottom":"","ocean_display_top_bar":"default","ocean_display_header":"default","ocean_header_style":"","ocean_center_header_left_menu":"","ocean_custom_header_template":"","ocean_custom_logo":0,"ocean_custom_retina_logo":0,"ocean_custom_logo_max_width":0,"ocean_custom_logo_tablet_max_width":0,"ocean_custom_logo_mobile_max_width":0,"ocean_custom_logo_max_height":0,"ocean_custom_logo_tablet_max_height":0,"ocean_custom_logo_mobile_max_height":0,"ocean_header_custom_menu":"","ocean_menu_typo_font_family":"","ocean_menu_typo_font_subset":"","ocean_menu_typo_font_size":0,"ocean_menu_typo_font_size_tablet":0,"ocean_menu_typo_font_size_mobile":0,"ocean_menu_typo_font_size_unit":"px","ocean_menu_typo_font_weight":"","ocean_menu_typo_font_weight_tablet":"","ocean_menu_typo_font_weight_mobile":"","ocean_menu_typo_transform":"","ocean_menu_typo_transform_tablet":"","ocean_menu_typo_transform_mobile":"","ocean_menu_typo_line_height":0,"ocean_menu_typo_line_height_tablet":0,"ocean_menu_typo_line_height_mobile":0,"ocean_menu_typo_line_height_unit":"","ocean_menu_typo_spacing":0,"ocean_menu_typo_spacing_tablet":0,"ocean_menu_typo_spacing_mobile":0,"ocean_menu_typo_spacing_unit":"","ocean_menu_link_color":"","ocean_menu_link_color_hover":"","ocean_menu_link_color_active":"","ocean_menu_link_background":"","ocean_menu_link_hover_background":"","ocean_menu_link_active_background":"","ocean_menu_social_links_bg":"","ocean_menu_social_hover_links_bg":"","ocean_menu_social_links_color":"","ocean_menu_social_hover_links_color":"","ocean_disable_title":"default","ocean_disable_heading":"default","ocean_post_title":"","ocean_post_subheading":"","ocean_post_title_style":"","ocean_post_title_background_color":"","ocean_post_title_background":0,"ocean_post_title_bg_image_position":"","ocean_post_title_bg_image_attachment":"","ocean_post_title_bg_image_repeat":"","ocean_post_title_bg_image_size":"","ocean_post_title_height":0,"ocean_post_title_bg_overlay":0.5,"ocean_post_title_bg_overlay_color":"","ocean_disable_breadcrumbs":"default","ocean_breadcrumbs_color":"","ocean_breadcrumbs_separator_color":"","ocean_breadcrumbs_links_color":"","ocean_breadcrumbs_links_hover_color":"","ocean_display_footer_widgets":"default","ocean_display_footer_bottom":"default","ocean_custom_footer_template":"","footnotes":""},"class_list":["post-634","page","type-page","status-publish","hentry","entry"],"yoast_head":"<!-- This site is optimized with the Yoast SEO plugin v27.1.1 - https:\/\/yoast.com\/product\/yoast-seo-wordpress\/ -->\n<title>Portes coupe-feu - AM2S<\/title>\n<meta name=\"robots\" content=\"index, follow, max-snippet:-1, max-image-preview:large, max-video-preview:-1\" \/>\n<link rel=\"canonical\" href=\"https:\/\/am2s.com\/index.php\/portes-coupe-feu\/\" \/>\n<meta property=\"og:locale\" content=\"fr_FR\" \/>\n<meta property=\"og:type\" content=\"article\" \/>\n<meta property=\"og:title\" content=\"Portes coupe-feu - AM2S\" \/>\n<meta property=\"og:description\" content=\"Portes coupe-feu Portes coulissantes r\u00e9sistantes au feu\u00a0 Les portes coulissantes coupe-feu et \u00e9tanches \u00e0 la fum\u00e9e sont essentielles pour garantir des voies d&rsquo;\u00e9vacuation et de sauvetage s\u00fbres dans les environnements o\u00f9 il est imp\u00e9ratif de prot\u00e9ger les personnes de la propagation de gaz de fum\u00e9e dangereux en cas d&rsquo;incendie. Ces portes sont particuli\u00e8rement adapt\u00e9es lorsqu&rsquo;elles [&hellip;]\" \/>\n<meta property=\"og:url\" content=\"https:\/\/am2s.com\/index.php\/portes-coupe-feu\/\" \/>\n<meta property=\"og:site_name\" content=\"AM2S\" \/>\n<meta property=\"article:modified_time\" content=\"2024-10-03T10:16:25+00:00\" \/>\n<meta property=\"og:image\" content=\"http:\/\/am2s.com\/wp-content\/uploads\/2024\/10\/porte-coulissante-coupe-feu.png\" \/>\n<meta name=\"twitter:card\" content=\"summary_large_image\" \/>\n<meta name=\"twitter:label1\" content=\"Dur\u00e9e de lecture estim\u00e9e\" \/>\n\t<meta name=\"twitter:data1\" content=\"3 minutes\" \/>\n<script type=\"application\/ld+json\" class=\"yoast-schema-graph\">{\"@context\":\"https:\/\/schema.org\",\"@graph\":[{\"@type\":\"WebPage\",\"@id\":\"https:\/\/am2s.com\/index.php\/portes-coupe-feu\/\",\"url\":\"https:\/\/am2s.com\/index.php\/portes-coupe-feu\/\",\"name\":\"Portes coupe-feu - AM2S\",\"isPartOf\":{\"@id\":\"https:\/\/am2s.com\/#website\"},\"primaryImageOfPage\":{\"@id\":\"https:\/\/am2s.com\/index.php\/portes-coupe-feu\/#primaryimage\"},\"image\":{\"@id\":\"https:\/\/am2s.com\/index.php\/portes-coupe-feu\/#primaryimage\"},\"thumbnailUrl\":\"http:\/\/am2s.com\/wp-content\/uploads\/2024\/10\/porte-coulissante-coupe-feu.png\",\"datePublished\":\"2024-06-24T13:13:27+00:00\",\"dateModified\":\"2024-10-03T10:16:25+00:00\",\"breadcrumb\":{\"@id\":\"https:\/\/am2s.com\/index.php\/portes-coupe-feu\/#breadcrumb\"},\"inLanguage\":\"fr-FR\",\"potentialAction\":[{\"@type\":\"ReadAction\",\"target\":[\"https:\/\/am2s.com\/index.php\/portes-coupe-feu\/\"]}]},{\"@type\":\"ImageObject\",\"inLanguage\":\"fr-FR\",\"@id\":\"https:\/\/am2s.com\/index.php\/portes-coupe-feu\/#primaryimage\",\"url\":\"https:\/\/am2s.com\/wp-content\/uploads\/2024\/10\/porte-coulissante-coupe-feu.png\",\"contentUrl\":\"https:\/\/am2s.com\/wp-content\/uploads\/2024\/10\/porte-coulissante-coupe-feu.png\",\"width\":730,\"height\":429},{\"@type\":\"BreadcrumbList\",\"@id\":\"https:\/\/am2s.com\/index.php\/portes-coupe-feu\/#breadcrumb\",\"itemListElement\":[{\"@type\":\"ListItem\",\"position\":1,\"name\":\"Accueil\",\"item\":\"https:\/\/am2s.com\/\"},{\"@type\":\"ListItem\",\"position\":2,\"name\":\"Portes coupe-feu\"}]},{\"@type\":\"WebSite\",\"@id\":\"https:\/\/am2s.com\/#website\",\"url\":\"https:\/\/am2s.com\/\",\"name\":\"AM2S\",\"description\":\"am2s.com\",\"potentialAction\":[{\"@type\":\"SearchAction\",\"target\":{\"@type\":\"EntryPoint\",\"urlTemplate\":\"https:\/\/am2s.com\/?s={search_term_string}\"},\"query-input\":{\"@type\":\"PropertyValueSpecification\",\"valueRequired\":true,\"valueName\":\"search_term_string\"}}],\"inLanguage\":\"fr-FR\"}]}<\/script>\n<!-- \/ Yoast SEO plugin. -->","yoast_head_json":{"title":"Portes coupe-feu - AM2S","robots":{"index":"index","follow":"follow","max-snippet":"max-snippet:-1","max-image-preview":"max-image-preview:large","max-video-preview":"max-video-preview:-1"},"canonical":"https:\/\/am2s.com\/index.php\/portes-coupe-feu\/","og_locale":"fr_FR","og_type":"article","og_title":"Portes coupe-feu - AM2S","og_description":"Portes coupe-feu Portes coulissantes r\u00e9sistantes au feu\u00a0 Les portes coulissantes coupe-feu et \u00e9tanches \u00e0 la fum\u00e9e sont essentielles pour garantir des voies d&rsquo;\u00e9vacuation et de sauvetage s\u00fbres dans les environnements o\u00f9 il est imp\u00e9ratif de prot\u00e9ger les personnes de la propagation de gaz de fum\u00e9e dangereux en cas d&rsquo;incendie. Ces portes sont particuli\u00e8rement adapt\u00e9es lorsqu&rsquo;elles [&hellip;]","og_url":"https:\/\/am2s.com\/index.php\/portes-coupe-feu\/","og_site_name":"AM2S","article_modified_time":"2024-10-03T10:16:25+00:00","og_image":[{"url":"http:\/\/am2s.com\/wp-content\/uploads\/2024\/10\/porte-coulissante-coupe-feu.png","type":"","width":"","height":""}],"twitter_card":"summary_large_image","twitter_misc":{"Dur\u00e9e de lecture estim\u00e9e":"3 minutes"},"schema":{"@context":"https:\/\/schema.org","@graph":[{"@type":"WebPage","@id":"https:\/\/am2s.com\/index.php\/portes-coupe-feu\/","url":"https:\/\/am2s.com\/index.php\/portes-coupe-feu\/","name":"Portes coupe-feu - AM2S","isPartOf":{"@id":"https:\/\/am2s.com\/#website"},"primaryImageOfPage":{"@id":"https:\/\/am2s.com\/index.php\/portes-coupe-feu\/#primaryimage"},"image":{"@id":"https:\/\/am2s.com\/index.php\/portes-coupe-feu\/#primaryimage"},"thumbnailUrl":"http:\/\/am2s.com\/wp-content\/uploads\/2024\/10\/porte-coulissante-coupe-feu.png","datePublished":"2024-06-24T13:13:27+00:00","dateModified":"2024-10-03T10:16:25+00:00","breadcrumb":{"@id":"https:\/\/am2s.com\/index.php\/portes-coupe-feu\/#breadcrumb"},"inLanguage":"fr-FR","potentialAction":[{"@type":"ReadAction","target":["https:\/\/am2s.com\/index.php\/portes-coupe-feu\/"]}]},{"@type":"ImageObject","inLanguage":"fr-FR","@id":"https:\/\/am2s.com\/index.php\/portes-coupe-feu\/#primaryimage","url":"https:\/\/am2s.com\/wp-content\/uploads\/2024\/10\/porte-coulissante-coupe-feu.png","contentUrl":"https:\/\/am2s.com\/wp-content\/uploads\/2024\/10\/porte-coulissante-coupe-feu.png","width":730,"height":429},{"@type":"BreadcrumbList","@id":"https:\/\/am2s.com\/index.php\/portes-coupe-feu\/#breadcrumb","itemListElement":[{"@type":"ListItem","position":1,"name":"Accueil","item":"https:\/\/am2s.com\/"},{"@type":"ListItem","position":2,"name":"Portes coupe-feu"}]},{"@type":"WebSite","@id":"https:\/\/am2s.com\/#website","url":"https:\/\/am2s.com\/","name":"AM2S","description":"am2s.com","potentialAction":[{"@type":"SearchAction","target":{"@type":"EntryPoint","urlTemplate":"https:\/\/am2s.com\/?s={search_term_string}"},"query-input":{"@type":"PropertyValueSpecification","valueRequired":true,"valueName":"search_term_string"}}],"inLanguage":"fr-FR"}]}},"_links":{"self":[{"href":"https:\/\/am2s.com\/index.php\/wp-json\/wp\/v2\/pages\/634","targetHints":{"allow":["GET"]}}],"collection":[{"href":"https:\/\/am2s.com\/index.php\/wp-json\/wp\/v2\/pages"}],"about":[{"href":"https:\/\/am2s.com\/index.php\/wp-json\/wp\/v2\/types\/page"}],"author":[{"embeddable":true,"href":"https:\/\/am2s.com\/index.php\/wp-json\/wp\/v2\/users\/1"}],"replies":[{"embeddable":true,"href":"https:\/\/am2s.com\/index.php\/wp-json\/wp\/v2\/comments?post=634"}],"version-history":[{"count":16,"href":"https:\/\/am2s.com\/index.php\/wp-json\/wp\/v2\/pages\/634\/revisions"}],"predecessor-version":[{"id":1693,"href":"https:\/\/am2s.com\/index.php\/wp-json\/wp\/v2\/pages\/634\/revisions\/1693"}],"wp:attachment":[{"href":"https:\/\/am2s.com\/index.php\/wp-json\/wp\/v2\/media?parent=634"}],"curies":[{"name":"wp","href":"https:\/\/api.w.org\/{rel}","templated":true}]}}