{"id":16,"date":"2024-06-05T23:54:03","date_gmt":"2024-06-05T21:54:03","guid":{"rendered":"https:\/\/am2s.com\/?page_id=16"},"modified":"2026-02-20T15:00:23","modified_gmt":"2026-02-20T14:00:23","slug":"contact","status":"publish","type":"page","link":"https:\/\/am2s.com\/index.php\/contact\/","title":{"rendered":"Contact"},"content":{"rendered":"\t\t<div data-elementor-type=\"wp-page\" data-elementor-id=\"16\" class=\"elementor elementor-16\" data-elementor-post-type=\"page\">\n\t\t\t\t<div class=\"elementor-element elementor-element-d443e7f e-flex e-con-boxed e-con e-parent\" data-id=\"d443e7f\" data-element_type=\"container\" data-e-type=\"container\" data-settings=\"{&quot;background_background&quot;:&quot;classic&quot;}\">\n\t\t\t\t\t<div class=\"e-con-inner\">\n\t\t\t\t<div class=\"elementor-element elementor-element-32ecb10 elementor-widget elementor-widget-text-editor\" data-id=\"32ecb10\" data-element_type=\"widget\" data-e-type=\"widget\" data-widget_type=\"text-editor.default\">\n\t\t\t\t<div class=\"elementor-widget-container\">\n\t\t\t\t\t\t\t\t\t<p style=\"text-align: center;\"><span style=\"color: #ffffff;\"><strong>NOUS CONTACTER<\/strong><\/span><\/p>\t\t\t\t\t\t\t\t<\/div>\n\t\t\t\t<\/div>\n\t\t\t\t\t<\/div>\n\t\t\t\t<\/div>\n\t\t<div class=\"elementor-element elementor-element-bab3279 e-flex e-con-boxed e-con e-parent\" data-id=\"bab3279\" data-element_type=\"container\" data-e-type=\"container\" data-settings=\"{&quot;background_background&quot;:&quot;classic&quot;}\">\n\t\t\t\t\t<div class=\"e-con-inner\">\n\t\t<div class=\"elementor-element elementor-element-d640d61 e-con-full e-flex e-con e-child\" data-id=\"d640d61\" data-element_type=\"container\" data-e-type=\"container\">\n\t\t\t\t<div class=\"elementor-element elementor-element-bc666e8 elementor-widget elementor-widget-formidable\" data-id=\"bc666e8\" data-element_type=\"widget\" data-e-type=\"widget\" data-widget_type=\"formidable.default\">\n\t\t\t\t<div class=\"elementor-widget-container\">\n\t\t\t\t\t<div class=\"frm_forms  with_frm_style frm_style_style-formidable\" id=\"frm_form_3_container\" data-token=\"409a42ee9276e925f54d24185d76fe79\">\n<form enctype=\"multipart\/form-data\" method=\"post\" class=\"frm-show-form \" id=\"form_contact-am2s2\" data-token=\"409a42ee9276e925f54d24185d76fe79\">\n<div class=\"frm_form_fields \">\n<fieldset>\n<legend class=\"frm_screen_reader\">Contact AM2S<\/legend>\r\n\r\n<div class=\"frm_fields_container\">\n<input type=\"hidden\" name=\"frm_action\" value=\"create\" \/>\n<input type=\"hidden\" name=\"form_id\" value=\"3\" \/>\n<input type=\"hidden\" name=\"frm_hide_fields_3\" id=\"frm_hide_fields_3\" value=\"\" \/>\n<input type=\"hidden\" name=\"form_key\" value=\"contact-am2s2\" \/>\n<input type=\"hidden\" name=\"item_meta[0]\" value=\"\" \/>\n<input type=\"hidden\" id=\"frm_submit_entry_3\" name=\"frm_submit_entry_3\" value=\"8d2d1a54bb\" \/><input type=\"hidden\" name=\"_wp_http_referer\" value=\"\/index.php\/wp-json\/wp\/v2\/pages\/16\" \/><div id=\"frm_field_20_container\" class=\"frm_form_field form-field  frm_required_field frm_top_container frm6 frm_first\">\r\n\t<label for=\"field_8rnar\" id=\"field_8rnar_label\" class=\"frm_primary_label\">Votre Nom\r\n\t\t<span class=\"frm_required\" aria-hidden=\"true\">*<\/span>\r\n\t<\/label>\r\n\t<input type=\"text\" id=\"field_8rnar\" name=\"item_meta[20]\" value=\"\"  data-reqmsg=\"Votre Nom ne peut pas \u00eatre vide.\" aria-required=\"true\" data-invmsg=\"Votre Nom est non valide\" aria-invalid=\"false\"  \/>\r\n\t\r\n\t\r\n<\/div>\n<div id=\"frm_field_21_container\" class=\"frm_form_field form-field  frm_required_field frm_top_container frm6\">\r\n\t<label for=\"field_sat7w\" id=\"field_sat7w_label\" class=\"frm_primary_label\">Votre Pr\u00e9nom\r\n\t\t<span class=\"frm_required\" aria-hidden=\"true\">*<\/span>\r\n\t<\/label>\r\n\t<input type=\"text\" id=\"field_sat7w\" name=\"item_meta[21]\" value=\"\"  data-reqmsg=\"Votre Pr\u00e9nom ne peut pas \u00eatre vide.\" aria-required=\"true\" data-invmsg=\"Votre Pr\u00e9nom est non valide\" aria-invalid=\"false\"  \/>\r\n\t\r\n\t\r\n<\/div>\n<div id=\"frm_field_22_container\" class=\"frm_form_field form-field  frm_top_container frm12 frm_first\">\r\n\t<label for=\"field_ad26h\" id=\"field_ad26h_label\" class=\"frm_primary_label\"> Nom de Soci\u00e9t\u00e9\r\n\t\t<span class=\"frm_required\" aria-hidden=\"true\"><\/span>\r\n\t<\/label>\r\n\t<input type=\"text\" id=\"field_ad26h\" name=\"item_meta[22]\" value=\"\"  data-invmsg=\" Nom de Soci\u00e9t\u00e9 est non valide\" aria-invalid=\"false\"  \/>\r\n\t\r\n\t\r\n<\/div>\n<div id=\"frm_field_24_container\" class=\"frm_form_field form-field  frm_required_field frm_top_container frm12 frm6 frm_first\">\r\n\t<label for=\"field_wnvk8\" id=\"field_wnvk8_label\" class=\"frm_primary_label\">Votre T\u00e9l\u00e9phone\r\n\t\t<span class=\"frm_required\" aria-hidden=\"true\">*<\/span>\r\n\t<\/label>\r\n\t<input type=\"tel\" id=\"field_wnvk8\" name=\"item_meta[24]\" value=\"\"  data-reqmsg=\"Votre T\u00e9l\u00e9phone ne peut pas \u00eatre vide.\" aria-required=\"true\" data-invmsg=\"Votre T\u00e9l\u00e9phone est non valide\" aria-invalid=\"false\" pattern=\"((\\+\\d{1,3}(-|.| )?\\(?\\d\\)?(-| |.)?\\d{1,5})|(\\(?\\d{2,6}\\)?))(-|.| )?(\\d{3,4})(-|.| )?(\\d{4})(( x| ext)\\d{1,5}){0,1}$\"  \/>\r\n\t\r\n\t\r\n<\/div>\n<div id=\"frm_field_23_container\" class=\"frm_form_field form-field  frm_required_field frm_top_container frm6\">\r\n\t<label for=\"field_6jikh\" id=\"field_6jikh_label\" class=\"frm_primary_label\">Votre Email\r\n\t\t<span class=\"frm_required\" aria-hidden=\"true\">*<\/span>\r\n\t<\/label>\r\n\t<input type=\"email\" id=\"field_6jikh\" name=\"item_meta[23]\" value=\"\"  data-reqmsg=\"Votre Email ne peut pas \u00eatre vide.\" aria-required=\"true\" data-invmsg=\"Votre Email est non valide\" aria-invalid=\"false\"  \/>\r\n\t\r\n\t\r\n<\/div>\n<div id=\"frm_field_29_container\" class=\"frm_form_field form-field  frm_top_container\">\n\t<label for=\"field_ltuuu\" id=\"field_ltuuu_label\" class=\"frm_primary_label\">Objet\n\t\t<span class=\"frm_required\" aria-hidden=\"true\"><\/span>\n\t<\/label>\n\t<input type=\"text\" id=\"field_ltuuu\" name=\"item_meta[29]\" value=\"\"  data-invmsg=\"Objet est non valide\" aria-invalid=\"false\"  \/>\n\t\n\t\n<\/div>\n<div id=\"frm_field_27_container\" class=\"frm_form_field form-field  frm_top_container frm12 frm_first\">\r\n\t<label for=\"field_49dgt\" id=\"field_49dgt_label\" class=\"frm_primary_label\">Votre message\r\n\t\t<span class=\"frm_required\" aria-hidden=\"true\"><\/span>\r\n\t<\/label>\r\n\t<textarea name=\"item_meta[27]\" id=\"field_49dgt\" rows=\"5\"  data-invmsg=\"Votre message est non valide\" aria-invalid=\"false\"  ><\/textarea>\r\n\t\r\n\t\r\n<\/div>\n<div id=\"frm_field_31_container\" class=\"frm_form_field form-field  frm_none_container frm12 frm_first\">\n\t<label for=\"g-recaptcha-response\" id=\"field_ci3zk_label\" class=\"frm_primary_label\">Captcha\n\t\t<span class=\"frm_required\" aria-hidden=\"true\"><\/span>\n\t<\/label>\n\t<div  id=\"field_ci3zk\" class=\"frm-g-recaptcha\" data-sitekey=\"6Lc5sc4qAAAAAMOy8ZfNRIJfIfi2raKaGl7Rsu0r\" data-size=\"normal\" data-theme=\"light\"><\/div>\n\t\n\t\n<\/div>\n<div id=\"frm_field_19_container\" class=\"frm_form_field form-field  frm12 frm_first\">\r\n\t<div class=\"frm_submit frm_flex\">\r\n<button class=\"frm_button_submit\" type=\"submit\"  >Envoyer<\/button>\r\n\r\n\r\n\r\n<\/div>\r\n<\/div>\n\t<input type=\"hidden\" name=\"item_key\" value=\"\" \/>\n\t\t\t<div id=\"frm_field_34_container\">\n\t\t\t<label for=\"field_g5ema\" >\n\t\t\t\tSi vous \u00eates un humain, ne remplissez pas ce champ.\t\t\t<\/label>\n\t\t\t<input  id=\"field_g5ema\" type=\"text\" class=\"frm_form_field form-field frm_verify\" name=\"item_meta[34]\" value=\"\"  \/>\n\t\t<\/div>\n\t\t<input name=\"frm_state\" type=\"hidden\" value=\"TjLP17JHYbOI7dRqwQEo3QJDmewXQDJxfnGvSkxMh80=\" \/><\/div>\n<\/fieldset>\n<\/div>\n\n<\/form>\n<\/div>\n\t\t\t\t<\/div>\n\t\t\t\t<\/div>\n\t\t\t\t<\/div>\n\t\t<div class=\"elementor-element elementor-element-67fb2c1 e-con-full e-flex e-con e-child\" data-id=\"67fb2c1\" data-element_type=\"container\" data-e-type=\"container\">\n\t\t<div class=\"elementor-element elementor-element-7c3a559 e-flex e-con-boxed e-con e-child\" data-id=\"7c3a559\" data-element_type=\"container\" data-e-type=\"container\">\n\t\t\t\t\t<div class=\"e-con-inner\">\n\t\t\t\t<div class=\"elementor-element elementor-element-90d0071 elementor-widget elementor-widget-image\" data-id=\"90d0071\" data-element_type=\"widget\" data-e-type=\"widget\" data-widget_type=\"image.default\">\n\t\t\t\t<div class=\"elementor-widget-container\">\n\t\t\t\t\t\t\t\t\t\t\t\t\t\t\t<img fetchpriority=\"high\" decoding=\"async\" width=\"1024\" height=\"682\" src=\"https:\/\/am2s.com\/wp-content\/uploads\/2024\/06\/IMG_1218-1024x682.jpeg\" class=\"attachment-large size-large wp-image-78\" alt=\"\" srcset=\"https:\/\/am2s.com\/wp-content\/uploads\/2024\/06\/IMG_1218-1024x682.jpeg 1024w, https:\/\/am2s.com\/wp-content\/uploads\/2024\/06\/IMG_1218-300x200.jpeg 300w, https:\/\/am2s.com\/wp-content\/uploads\/2024\/06\/IMG_1218-768x512.jpeg 768w, https:\/\/am2s.com\/wp-content\/uploads\/2024\/06\/IMG_1218-1536x1023.jpeg 1536w, https:\/\/am2s.com\/wp-content\/uploads\/2024\/06\/IMG_1218-2048x1364.jpeg 2048w\" sizes=\"(max-width: 1024px) 100vw, 1024px\" \/>\t\t\t\t\t\t\t\t\t\t\t\t\t\t\t<\/div>\n\t\t\t\t<\/div>\n\t\t\t\t\t<\/div>\n\t\t\t\t<\/div>\n\t\t<div class=\"elementor-element elementor-element-6ea2bee e-flex e-con-boxed e-con e-child\" data-id=\"6ea2bee\" data-element_type=\"container\" data-e-type=\"container\">\n\t\t\t\t\t<div class=\"e-con-inner\">\n\t\t\t\t<div class=\"elementor-element elementor-element-54ac8b8 elementor-widget elementor-widget-text-editor\" data-id=\"54ac8b8\" data-element_type=\"widget\" data-e-type=\"widget\" data-widget_type=\"text-editor.default\">\n\t\t\t\t<div class=\"elementor-widget-container\">\n\t\t\t\t\t\t\t\t\t<p><span style=\"color: #1e73be;\"><strong>\u00a0\u2022 Secr\u00e9tariat \/Comptabilit\u00e9<\/strong><strong> \/ F<\/strong><strong>acturation \/ Administratif\u00a0<\/strong><\/span><\/p><p><span style=\"color: #1e73be;\">\u00a0 \u00a0 Tel : 04 94 82 37 01\u00a0<\/span><\/p><p><span style=\"color: #1e73be;\"><strong>\u2022 SAV : demande d&rsquo;intervention \/ d\u00e9pannage\u00a0<\/strong><\/span><\/p><p><span style=\"color: #1e73be;\">\u00a0 \u00a0 Tel :\u00a0 06 42 93 76 61 \/ 04 94 82 37 01\u00a0<\/span><\/p><p><span style=\"color: #1e73be;\"><strong>\u2022 Service commercial :<\/strong> <strong>demande de prix \/ chiffrage projet<\/strong><\/span><\/p><p><span style=\"color: #1e73be;\">\u00a0 \u00a0 Tel : 06 47 63 44 46 \/ 06 87 14 15 91<\/span><\/p>\t\t\t\t\t\t\t\t<\/div>\n\t\t\t\t<\/div>\n\t\t\t\t\t<\/div>\n\t\t\t\t<\/div>\n\t\t\t\t<\/div>\n\t\t\t\t\t<\/div>\n\t\t\t\t<\/div>\n\t\t<div class=\"elementor-element elementor-element-07be5c3 e-con-full e-flex e-con e-parent\" data-id=\"07be5c3\" data-element_type=\"container\" data-e-type=\"container\">\n\t\t\t\t<div class=\"elementor-element elementor-element-b21a0b5 elementor-widget elementor-widget-text-editor\" data-id=\"b21a0b5\" data-element_type=\"widget\" data-e-type=\"widget\" data-widget_type=\"text-editor.default\">\n\t\t\t\t<div class=\"elementor-widget-container\">\n\t\t\t\t\t\t\t\t\t<p><span style=\"color: #ff0000;\"><strong>\u2217\u00a0<\/strong> <span style=\"color: #1e73be;\"><em>Champs obligatoires<\/em><\/span><\/span><\/p><p><i>Vos donn\u00e9es personnelles sont n\u00e9cessaires pour vous contacter. Elles sont destin\u00e9es \u00e0 AM2S. Vous disposez de droits d\u2019acc\u00e8s, de rectification, d\u2019effacement, d\u2019opposition, de retrait de votre consentement \u00e0 tout moment en envoyant une demande \u00e0 contact@am2s.com.<span class=\"Apple-converted-space\">\u00a0<\/span><\/i><\/p>\t\t\t\t\t\t\t\t<\/div>\n\t\t\t\t<\/div>\n\t\t\t\t<\/div>\n\t\t<div class=\"elementor-element elementor-element-e9499ea e-flex e-con-boxed e-con e-parent\" data-id=\"e9499ea\" data-element_type=\"container\" data-e-type=\"container\" data-settings=\"{&quot;background_background&quot;:&quot;classic&quot;}\">\n\t\t\t\t\t<div class=\"e-con-inner\">\n\t\t\t\t<div class=\"elementor-element elementor-element-d047a2d elementor-widget elementor-widget-google_maps\" data-id=\"d047a2d\" data-element_type=\"widget\" data-e-type=\"widget\" data-widget_type=\"google_maps.default\">\n\t\t\t\t<div class=\"elementor-widget-container\">\n\t\t\t\t\t\t\t<div class=\"elementor-custom-embed\">\n\t\t\t<iframe loading=\"lazy\"\n\t\t\t\t\tsrc=\"https:\/\/maps.google.com\/maps?q=am2s%202%20traverse%20des%20ferrieres%20le%20muy&#038;t=m&#038;z=9&#038;output=embed&#038;iwloc=near\"\n\t\t\t\t\ttitle=\"am2s 2 traverse des ferrieres le muy\"\n\t\t\t\t\taria-label=\"am2s 2 traverse des ferrieres le muy\"\n\t\t\t><\/iframe>\n\t\t<\/div>\n\t\t\t\t\t\t<\/div>\n\t\t\t\t<\/div>\n\t\t\t\t\t<\/div>\n\t\t\t\t<\/div>\n\t\t\t\t<\/div>\n\t\t","protected":false},"excerpt":{"rendered":"<p>NOUS CONTACTER Contact AM2S Votre Nom * Votre Pr\u00e9nom * Nom de Soci\u00e9t\u00e9 Votre T\u00e9l\u00e9phone * Votre Email * Objet Votre message Captcha Envoyer Si vous \u00eates un humain, ne remplissez pas ce champ. \u00a0\u2022 Secr\u00e9tariat \/Comptabilit\u00e9 \/ Facturation \/ Administratif\u00a0 \u00a0 \u00a0 Tel : 04 94 82 37 01\u00a0 \u2022 SAV : demande d&rsquo;intervention [&hellip;]<\/p>\n","protected":false},"author":1,"featured_media":0,"parent":0,"menu_order":0,"comment_status":"closed","ping_status":"closed","template":"","meta":{"ocean_post_layout":"","ocean_both_sidebars_style":"","ocean_both_sidebars_content_width":0,"ocean_both_sidebars_sidebars_width":0,"ocean_sidebar":"","ocean_second_sidebar":"","ocean_disable_margins":"enable","ocean_add_body_class":"","ocean_shortcode_before_top_bar":"","ocean_shortcode_after_top_bar":"","ocean_shortcode_before_header":"","ocean_shortcode_after_header":"","ocean_has_shortcode":"","ocean_shortcode_after_title":"","ocean_shortcode_before_footer_widgets":"","ocean_shortcode_after_footer_widgets":"","ocean_shortcode_before_footer_bottom":"","ocean_shortcode_after_footer_bottom":"","ocean_display_top_bar":"default","ocean_display_header":"default","ocean_header_style":"","ocean_center_header_left_menu":"","ocean_custom_header_template":"","ocean_custom_logo":0,"ocean_custom_retina_logo":0,"ocean_custom_logo_max_width":0,"ocean_custom_logo_tablet_max_width":0,"ocean_custom_logo_mobile_max_width":0,"ocean_custom_logo_max_height":0,"ocean_custom_logo_tablet_max_height":0,"ocean_custom_logo_mobile_max_height":0,"ocean_header_custom_menu":"","ocean_menu_typo_font_family":"","ocean_menu_typo_font_subset":"","ocean_menu_typo_font_size":0,"ocean_menu_typo_font_size_tablet":0,"ocean_menu_typo_font_size_mobile":0,"ocean_menu_typo_font_size_unit":"px","ocean_menu_typo_font_weight":"","ocean_menu_typo_font_weight_tablet":"","ocean_menu_typo_font_weight_mobile":"","ocean_menu_typo_transform":"","ocean_menu_typo_transform_tablet":"","ocean_menu_typo_transform_mobile":"","ocean_menu_typo_line_height":0,"ocean_menu_typo_line_height_tablet":0,"ocean_menu_typo_line_height_mobile":0,"ocean_menu_typo_line_height_unit":"","ocean_menu_typo_spacing":0,"ocean_menu_typo_spacing_tablet":0,"ocean_menu_typo_spacing_mobile":0,"ocean_menu_typo_spacing_unit":"","ocean_menu_link_color":"","ocean_menu_link_color_hover":"","ocean_menu_link_color_active":"","ocean_menu_link_background":"","ocean_menu_link_hover_background":"","ocean_menu_link_active_background":"","ocean_menu_social_links_bg":"","ocean_menu_social_hover_links_bg":"","ocean_menu_social_links_color":"","ocean_menu_social_hover_links_color":"","ocean_disable_title":"default","ocean_disable_heading":"default","ocean_post_title":"","ocean_post_subheading":"","ocean_post_title_style":"","ocean_post_title_background_color":"","ocean_post_title_background":0,"ocean_post_title_bg_image_position":"","ocean_post_title_bg_image_attachment":"","ocean_post_title_bg_image_repeat":"","ocean_post_title_bg_image_size":"","ocean_post_title_height":0,"ocean_post_title_bg_overlay":0.5,"ocean_post_title_bg_overlay_color":"","ocean_disable_breadcrumbs":"default","ocean_breadcrumbs_color":"","ocean_breadcrumbs_separator_color":"","ocean_breadcrumbs_links_color":"","ocean_breadcrumbs_links_hover_color":"","ocean_display_footer_widgets":"default","ocean_display_footer_bottom":"default","ocean_custom_footer_template":"","footnotes":""},"class_list":["post-16","page","type-page","status-publish","hentry","entry"],"yoast_head":"<!-- This site is optimized with the Yoast SEO plugin v27.1.1 - https:\/\/yoast.com\/product\/yoast-seo-wordpress\/ -->\n<title>Contact - AM2S<\/title>\n<meta name=\"robots\" content=\"index, follow, max-snippet:-1, max-image-preview:large, max-video-preview:-1\" \/>\n<link rel=\"canonical\" href=\"https:\/\/am2s.com\/index.php\/contact\/\" \/>\n<meta property=\"og:locale\" content=\"fr_FR\" \/>\n<meta property=\"og:type\" content=\"article\" \/>\n<meta property=\"og:title\" content=\"Contact - AM2S\" \/>\n<meta property=\"og:description\" content=\"NOUS CONTACTER Contact AM2S Votre Nom * Votre Pr\u00e9nom * Nom de Soci\u00e9t\u00e9 Votre T\u00e9l\u00e9phone * Votre Email * Objet Votre message Captcha Envoyer Si vous \u00eates un humain, ne remplissez pas ce champ. \u00a0\u2022 Secr\u00e9tariat \/Comptabilit\u00e9 \/ Facturation \/ Administratif\u00a0 \u00a0 \u00a0 Tel : 04 94 82 37 01\u00a0 \u2022 SAV : demande d&rsquo;intervention [&hellip;]\" \/>\n<meta property=\"og:url\" content=\"https:\/\/am2s.com\/index.php\/contact\/\" \/>\n<meta property=\"og:site_name\" content=\"AM2S\" \/>\n<meta property=\"article:modified_time\" content=\"2026-02-20T14:00:23+00:00\" \/>\n<meta property=\"og:image\" content=\"http:\/\/am2s.com\/wp-content\/uploads\/2024\/06\/IMG_1218-1024x682.jpeg\" \/>\n<meta name=\"twitter:card\" content=\"summary_large_image\" \/>\n<meta name=\"twitter:label1\" content=\"Dur\u00e9e de lecture estim\u00e9e\" \/>\n\t<meta name=\"twitter:data1\" content=\"1 minute\" \/>\n<script type=\"application\/ld+json\" class=\"yoast-schema-graph\">{\"@context\":\"https:\/\/schema.org\",\"@graph\":[{\"@type\":\"WebPage\",\"@id\":\"https:\/\/am2s.com\/index.php\/contact\/\",\"url\":\"https:\/\/am2s.com\/index.php\/contact\/\",\"name\":\"Contact - AM2S\",\"isPartOf\":{\"@id\":\"https:\/\/am2s.com\/#website\"},\"primaryImageOfPage\":{\"@id\":\"https:\/\/am2s.com\/index.php\/contact\/#primaryimage\"},\"image\":{\"@id\":\"https:\/\/am2s.com\/index.php\/contact\/#primaryimage\"},\"thumbnailUrl\":\"http:\/\/am2s.com\/wp-content\/uploads\/2024\/06\/IMG_1218-1024x682.jpeg\",\"datePublished\":\"2024-06-05T21:54:03+00:00\",\"dateModified\":\"2026-02-20T14:00:23+00:00\",\"breadcrumb\":{\"@id\":\"https:\/\/am2s.com\/index.php\/contact\/#breadcrumb\"},\"inLanguage\":\"fr-FR\",\"potentialAction\":[{\"@type\":\"ReadAction\",\"target\":[\"https:\/\/am2s.com\/index.php\/contact\/\"]}]},{\"@type\":\"ImageObject\",\"inLanguage\":\"fr-FR\",\"@id\":\"https:\/\/am2s.com\/index.php\/contact\/#primaryimage\",\"url\":\"http:\/\/am2s.com\/wp-content\/uploads\/2024\/06\/IMG_1218-1024x682.jpeg\",\"contentUrl\":\"http:\/\/am2s.com\/wp-content\/uploads\/2024\/06\/IMG_1218-1024x682.jpeg\"},{\"@type\":\"BreadcrumbList\",\"@id\":\"https:\/\/am2s.com\/index.php\/contact\/#breadcrumb\",\"itemListElement\":[{\"@type\":\"ListItem\",\"position\":1,\"name\":\"Accueil\",\"item\":\"https:\/\/am2s.com\/\"},{\"@type\":\"ListItem\",\"position\":2,\"name\":\"Contact\"}]},{\"@type\":\"WebSite\",\"@id\":\"https:\/\/am2s.com\/#website\",\"url\":\"https:\/\/am2s.com\/\",\"name\":\"AM2S\",\"description\":\"am2s.com\",\"potentialAction\":[{\"@type\":\"SearchAction\",\"target\":{\"@type\":\"EntryPoint\",\"urlTemplate\":\"https:\/\/am2s.com\/?s={search_term_string}\"},\"query-input\":{\"@type\":\"PropertyValueSpecification\",\"valueRequired\":true,\"valueName\":\"search_term_string\"}}],\"inLanguage\":\"fr-FR\"}]}<\/script>\n<!-- \/ Yoast SEO plugin. -->","yoast_head_json":{"title":"Contact - AM2S","robots":{"index":"index","follow":"follow","max-snippet":"max-snippet:-1","max-image-preview":"max-image-preview:large","max-video-preview":"max-video-preview:-1"},"canonical":"https:\/\/am2s.com\/index.php\/contact\/","og_locale":"fr_FR","og_type":"article","og_title":"Contact - AM2S","og_description":"NOUS CONTACTER Contact AM2S Votre Nom * Votre Pr\u00e9nom * Nom de Soci\u00e9t\u00e9 Votre T\u00e9l\u00e9phone * Votre Email * Objet Votre message Captcha Envoyer Si vous \u00eates un humain, ne remplissez pas ce champ. \u00a0\u2022 Secr\u00e9tariat \/Comptabilit\u00e9 \/ Facturation \/ Administratif\u00a0 \u00a0 \u00a0 Tel : 04 94 82 37 01\u00a0 \u2022 SAV : demande d&rsquo;intervention [&hellip;]","og_url":"https:\/\/am2s.com\/index.php\/contact\/","og_site_name":"AM2S","article_modified_time":"2026-02-20T14:00:23+00:00","og_image":[{"url":"http:\/\/am2s.com\/wp-content\/uploads\/2024\/06\/IMG_1218-1024x682.jpeg","type":"","width":"","height":""}],"twitter_card":"summary_large_image","twitter_misc":{"Dur\u00e9e de lecture estim\u00e9e":"1 minute"},"schema":{"@context":"https:\/\/schema.org","@graph":[{"@type":"WebPage","@id":"https:\/\/am2s.com\/index.php\/contact\/","url":"https:\/\/am2s.com\/index.php\/contact\/","name":"Contact - AM2S","isPartOf":{"@id":"https:\/\/am2s.com\/#website"},"primaryImageOfPage":{"@id":"https:\/\/am2s.com\/index.php\/contact\/#primaryimage"},"image":{"@id":"https:\/\/am2s.com\/index.php\/contact\/#primaryimage"},"thumbnailUrl":"http:\/\/am2s.com\/wp-content\/uploads\/2024\/06\/IMG_1218-1024x682.jpeg","datePublished":"2024-06-05T21:54:03+00:00","dateModified":"2026-02-20T14:00:23+00:00","breadcrumb":{"@id":"https:\/\/am2s.com\/index.php\/contact\/#breadcrumb"},"inLanguage":"fr-FR","potentialAction":[{"@type":"ReadAction","target":["https:\/\/am2s.com\/index.php\/contact\/"]}]},{"@type":"ImageObject","inLanguage":"fr-FR","@id":"https:\/\/am2s.com\/index.php\/contact\/#primaryimage","url":"http:\/\/am2s.com\/wp-content\/uploads\/2024\/06\/IMG_1218-1024x682.jpeg","contentUrl":"http:\/\/am2s.com\/wp-content\/uploads\/2024\/06\/IMG_1218-1024x682.jpeg"},{"@type":"BreadcrumbList","@id":"https:\/\/am2s.com\/index.php\/contact\/#breadcrumb","itemListElement":[{"@type":"ListItem","position":1,"name":"Accueil","item":"https:\/\/am2s.com\/"},{"@type":"ListItem","position":2,"name":"Contact"}]},{"@type":"WebSite","@id":"https:\/\/am2s.com\/#website","url":"https:\/\/am2s.com\/","name":"AM2S","description":"am2s.com","potentialAction":[{"@type":"SearchAction","target":{"@type":"EntryPoint","urlTemplate":"https:\/\/am2s.com\/?s={search_term_string}"},"query-input":{"@type":"PropertyValueSpecification","valueRequired":true,"valueName":"search_term_string"}}],"inLanguage":"fr-FR"}]}},"_links":{"self":[{"href":"https:\/\/am2s.com\/index.php\/wp-json\/wp\/v2\/pages\/16","targetHints":{"allow":["GET"]}}],"collection":[{"href":"https:\/\/am2s.com\/index.php\/wp-json\/wp\/v2\/pages"}],"about":[{"href":"https:\/\/am2s.com\/index.php\/wp-json\/wp\/v2\/types\/page"}],"author":[{"embeddable":true,"href":"https:\/\/am2s.com\/index.php\/wp-json\/wp\/v2\/users\/1"}],"replies":[{"embeddable":true,"href":"https:\/\/am2s.com\/index.php\/wp-json\/wp\/v2\/comments?post=16"}],"version-history":[{"count":104,"href":"https:\/\/am2s.com\/index.php\/wp-json\/wp\/v2\/pages\/16\/revisions"}],"predecessor-version":[{"id":1973,"href":"https:\/\/am2s.com\/index.php\/wp-json\/wp\/v2\/pages\/16\/revisions\/1973"}],"wp:attachment":[{"href":"https:\/\/am2s.com\/index.php\/wp-json\/wp\/v2\/media?parent=16"}],"curies":[{"name":"wp","href":"https:\/\/api.w.org\/{rel}","templated":true}]}}